{"id":2178,"date":"2021-03-02T11:30:22","date_gmt":"2021-03-02T11:30:22","guid":{"rendered":"https:\/\/ecotech.ro\/?page_id=2178"},"modified":"2021-03-18T10:53:17","modified_gmt":"2021-03-18T08:53:17","slug":"blog","status":"publish","type":"page","link":"https:\/\/ecotech.ro\/en\/blog\/","title":{"rendered":"EcoTech Blog"},"content":{"rendered":"<div data-vc-full-width=\"true\" data-vc-full-width-init=\"false\" data-vc-stretch-content=\"true\" class=\"vc_row wpb_row vc_row-fluid vc_custom_1615389221166\"><div class=\"wpb_column vc_column_container vc_col-sm-12 vc_hidden-md vc_hidden-sm vc_hidden-xs\"><div class=\"vc_column-inner\"><div class=\"wpb_wrapper\">\n\t<div class=\"wpb_text_column wpb_content_element\" >\n\t\t<div class=\"wpb_wrapper\">\n\t\t\t<h4 style=\"text-align: left;\"><span style=\"color: #3085d3;\"><a style=\"color: #3085d3;\" href=\"https:\/\/ecotech.ro\/en\/\">Home<\/a><\/span> \/\u00a0<span style=\"color: #3085d3;\">EcoTech Blog<\/span><\/h4>\n\n\t\t<\/div>\n\t<\/div>\n<\/div><\/div><\/div><\/div><div class=\"vc_row-full-width vc_clearfix\"><\/div><div data-vc-full-width=\"true\" data-vc-full-width-init=\"false\" data-vc-stretch-content=\"true\" class=\"vc_row wpb_row vc_row-fluid vc_custom_1615389244436\"><div class=\"wpb_column vc_column_container vc_col-sm-12 vc_hidden-lg\"><div class=\"vc_column-inner\"><div class=\"wpb_wrapper\">\n\t<div class=\"wpb_text_column wpb_content_element\" >\n\t\t<div class=\"wpb_wrapper\">\n\t\t\t<h4 style=\"text-align: left;\"><span style=\"color: #3085d3;\"><a style=\"color: #3085d3;\" href=\"https:\/\/ecotech.ro\/en\/\">Home<\/a><\/span> \/\u00a0<span style=\"color: #3085d3;\">EcoTech Blog<\/span><\/h4>\n\n\t\t<\/div>\n\t<\/div>\n<\/div><\/div><\/div><\/div><div class=\"vc_row-full-width vc_clearfix\"><\/div><div data-vc-full-width=\"true\" data-vc-full-width-init=\"false\" class=\"vc_row wpb_row vc_row-fluid vc_custom_1615389199819 vc_row-has-fill\"><div class=\"wpb_column vc_column_container vc_col-sm-10\"><div class=\"vc_column-inner\"><div class=\"wpb_wrapper\"><div class=\"blog-posts simple-posts blog-posts-shortcode-v2 blog-posts-shortcode wow pulse\"><div class=\"row\"><article class=\"single-post list-view col-md-12 normal-h\">\n\t\t        \t\t\t<div class=\"blog_custom\"><!-- POST THUMBNAIL --><div class=\"col-md-12 post-thumbnail\"><a class=\"relative\" href=\"https:\/\/ecotech.ro\/en\/2021\/03\/10\/calitatea-aerului-din-zonele-locuite\/\"><img decoding=\"async\" class=\"blog_post_image\" src=\"https:\/\/ecotech.ro\/wp-content\/uploads\/2021\/03\/calitatea_aerului-1000x550.jpg\" alt=\"Calitatea aerului din zonele locuite\" \/><\/a><\/div><!-- POST DETAILS -->\n\t\t                      <div class=\"post-details col-md-12\">\n\n\t\t                        <div class=\"title-n-excerpt\">\n\t\t                          <div class=\"post-category-comment-date row\">\n\n\n\t\t                              <!-- POST META: TAGS --><span class=\"post-tags\">\n\t\t                              \t\t<span class=\"post-tags-list\"><a href=\"https:\/\/ecotech.ro\/en\/tag\/covid19\/\" rel=\"tag\">Covid19<\/a>, <a href=\"https:\/\/ecotech.ro\/en\/tag\/iaq\/\" rel=\"tag\">IAQ<\/a>, <a href=\"https:\/\/ecotech.ro\/en\/tag\/indoor-air-quality\/\" rel=\"tag\">Indoor air quality<\/a>, <a href=\"https:\/\/ecotech.ro\/en\/tag\/pm\/\" rel=\"tag\">PM<\/a>, <a href=\"https:\/\/ecotech.ro\/en\/tag\/stokes\/\" rel=\"tag\">Stokes<\/a><\/span><span class=\"post-separator\">|<\/span>\n\t\t                              <\/span><span class=\"post-date\">\n\t\t                                  <span class=\"post-date-list\">March 10, 2021<\/span><span class=\"post-separator\">|<\/span>\n\t\t                              <\/span><span class=\"author\">\n\t\t                          \t  \t\t Post by: <a href=\"https:\/\/ecotech.ro\/en\/author\/floatweb\/\">admin<\/a><\/span><\/div>\n\n\n\t\t                          <h3 class=\"post-name row\">\n\t\t                            <a href=\"https:\/\/ecotech.ro\/en\/2021\/03\/10\/calitatea-aerului-din-zonele-locuite\/\" title=\"Calitatea aerului din zonele locuite\">Calitatea aerului din zonele locuite<\/a>\n\t\t                          <\/h3>\n              \t\t\t\t      <!-- POST CONTENT \/ EXCERPT -->\n\t\t\t\t                \t<div class=\"post-excerpt\"><p>Calitatea aerului din zonele locuite, este o preocupare continu\u0103 ce a generat norme \u0219i normative atent urm\u0103rite de majoritatea statelor dezvoltate. &nbsp; Indoor Air Quality (IAQ index), stabilit conf EN13779, clasific\u0103 simplu calitatea aerului \u00een [...]\n\t\t\t\t                  <\/p><\/div>\n\n\t\t\t\t                  <div class=\"clearfix\"><\/div>\n\t\t\t\t                    <div>\n\t\t\t\t                        <a href=\"https:\/\/ecotech.ro\/en\/2021\/03\/10\/calitatea-aerului-din-zonele-locuite\/\" class=\"more-link\">\n\t\t\t\t                            Read more\n\t\t\t\t                        <\/a>\n\t\t\t\t                    <\/div>\n\t\t\t\t                    <div class=\"clearfix\"><\/div>\n\n\t\t                        <\/div>\n\t\t                      <\/div>\n\t\t                    <\/div><\/article><article class=\"single-post list-view col-md-12 normal-h\">\n\t\t        \t\t\t<div class=\"blog_custom\"><!-- POST THUMBNAIL --><div class=\"col-md-12 post-thumbnail\"><a class=\"relative\" href=\"https:\/\/ecotech.ro\/en\/2021\/03\/09\/spune-mi-ce-respiri-si-o-sa-ti-spun-cum-traiesti\/\"><img decoding=\"async\" class=\"blog_post_image\" src=\"https:\/\/ecotech.ro\/wp-content\/uploads\/2021\/03\/ecotech-blog-banner-2-1000x550.jpg\" alt=\"Spune-mi ce respiri \u0219i o sa-\u021bi spun cum tr\u0103ie\u0219ti\" \/><\/a><\/div><!-- POST DETAILS -->\n\t\t                      <div class=\"post-details col-md-12\">\n\n\t\t                        <div class=\"title-n-excerpt\">\n\t\t                          <div class=\"post-category-comment-date row\">\n\n\n\t\t                              <!-- POST META: TAGS --><span class=\"post-date\">\n\t\t                                  <span class=\"post-date-list\">March 9, 2021<\/span><span class=\"post-separator\">|<\/span>\n\t\t                              <\/span><span class=\"author\">\n\t\t                          \t  \t\t Post by: <a href=\"https:\/\/ecotech.ro\/en\/author\/floatweb\/\">admin<\/a><\/span><\/div>\n\n\n\t\t                          <h3 class=\"post-name row\">\n\t\t                            <a href=\"https:\/\/ecotech.ro\/en\/2021\/03\/09\/spune-mi-ce-respiri-si-o-sa-ti-spun-cum-traiesti\/\" title=\"Spune-mi ce respiri \u0219i o sa-\u021bi spun cum tr\u0103ie\u0219ti\">Spune-mi ce respiri \u0219i o sa-\u021bi spun cum tr\u0103ie\u0219ti<\/a>\n\t\t                          <\/h3>\n              \t\t\t\t      <!-- POST CONTENT \/ EXCERPT -->\n\t\t\t\t                \t<div class=\"post-excerpt\"><p>Spune-mi ce respiri, \u0219i i\u021bi pot estima c\u00e2t tr\u0103ie\u0219ti. Daca te \u00eentreb ce ai m\u00e2ncat ieri, probabil dup\u0103 o socoteala simpl\u0103, \u00eemi vei spune, cu detalii sigure despre cele 700 g \u00eengurgitate \u00een ultimele 24 [...]\n\t\t\t\t                  <\/p><\/div>\n\n\t\t\t\t                  <div class=\"clearfix\"><\/div>\n\t\t\t\t                    <div>\n\t\t\t\t                        <a href=\"https:\/\/ecotech.ro\/en\/2021\/03\/09\/spune-mi-ce-respiri-si-o-sa-ti-spun-cum-traiesti\/\" class=\"more-link\">\n\t\t\t\t                            Read more\n\t\t\t\t                        <\/a>\n\t\t\t\t                    <\/div>\n\t\t\t\t                    <div class=\"clearfix\"><\/div>\n\n\t\t                        <\/div>\n\t\t                      <\/div>\n\t\t                    <\/div><\/article><article class=\"single-post list-view col-md-12 normal-h\">\n\t\t        \t\t\t<div class=\"blog_custom\"><!-- POST THUMBNAIL --><div class=\"col-md-12 post-thumbnail\"><a class=\"relative\" href=\"https:\/\/ecotech.ro\/en\/2021\/03\/09\/arderea-necontrolata-a-deseurilor-cov-urile\/\"><img decoding=\"async\" class=\"blog_post_image\" src=\"https:\/\/ecotech.ro\/wp-content\/uploads\/2021\/03\/ardere_deseuri-1000x550.jpg\" alt=\"Arderea necontrolat\u0103 a de\u0219eurilor\" \/><\/a><\/div><!-- POST DETAILS -->\n\t\t                      <div class=\"post-details col-md-12\">\n\n\t\t                        <div class=\"title-n-excerpt\">\n\t\t                          <div class=\"post-category-comment-date row\">\n\n\n\t\t                              <!-- POST META: TAGS --><span class=\"post-tags\">\n\t\t                              \t\t<span class=\"post-tags-list\"><a href=\"https:\/\/ecotech.ro\/en\/tag\/arderea-deseurilor\/\" rel=\"tag\">arderea deseurilor<\/a>, <a href=\"https:\/\/ecotech.ro\/en\/tag\/cov-uri\/\" rel=\"tag\">COV-uri<\/a>, <a href=\"https:\/\/ecotech.ro\/en\/tag\/poluare\/\" rel=\"tag\">poluare<\/a>, <a href=\"https:\/\/ecotech.ro\/en\/tag\/schimbari-climatice\/\" rel=\"tag\">schimbari climatice<\/a><\/span><span class=\"post-separator\">|<\/span>\n\t\t                              <\/span><span class=\"post-date\">\n\t\t                                  <span class=\"post-date-list\">March 9, 2021<\/span><span class=\"post-separator\">|<\/span>\n\t\t                              <\/span><span class=\"author\">\n\t\t                          \t  \t\t Post by: <a href=\"https:\/\/ecotech.ro\/en\/author\/floatweb\/\">admin<\/a><\/span><\/div>\n\n\n\t\t                          <h3 class=\"post-name row\">\n\t\t                            <a href=\"https:\/\/ecotech.ro\/en\/2021\/03\/09\/arderea-necontrolata-a-deseurilor-cov-urile\/\" title=\"Arderea necontrolat\u0103 a de\u0219eurilor\">Arderea necontrolat\u0103 a de\u0219eurilor<\/a>\n\t\t                          <\/h3>\n              \t\t\t\t      <!-- POST CONTENT \/ EXCERPT -->\n\t\t\t\t                \t<div class=\"post-excerpt\"><p>Cum este afectat\u0103 calitatea vie\u021bii de Compu\u0219ii Organici Volatili (COV-uri) Compu\u0219ii Organici Volatili\u00a0 (COV; \u00een englez\u0103, acronimul e VOC) sunt substan\u021be care pot avea un impact major at\u00e2t pe termen lung &#8211; modificarea stratosferei, av\u00e2nd [...]\n\t\t\t\t                  <\/p><\/div>\n\n\t\t\t\t                  <div class=\"clearfix\"><\/div>\n\t\t\t\t                    <div>\n\t\t\t\t                        <a href=\"https:\/\/ecotech.ro\/en\/2021\/03\/09\/arderea-necontrolata-a-deseurilor-cov-urile\/\" class=\"more-link\">\n\t\t\t\t                            Read more\n\t\t\t\t                        <\/a>\n\t\t\t\t                    <\/div>\n\t\t\t\t                    <div class=\"clearfix\"><\/div>\n\n\t\t                        <\/div>\n\t\t                      <\/div>\n\t\t                    <\/div><\/article><\/div><\/div><\/div><\/div><\/div><div class=\"wpb_column vc_column_container vc_col-sm-2\"><div class=\"vc_column-inner\"><div class=\"wpb_wrapper\"><div  class=\"wpb_widgetised_column wpb_content_element\">\n\t\t<div class=\"wpb_wrapper\">\n\t\t\t\n\t\t\t<aside id=\"categories-2\" class=\"widget widget_categories\"><h3 class=\"widget-title\">Categorii<\/h3>\n\t\t\t<ul>\n\t\t\t\t\t<li class=\"cat-item cat-item-60\"><a href=\"https:\/\/ecotech.ro\/en\/category\/airflow\/\">AirFlow<\/a>\n<\/li>\n\t\t\t<\/ul>\n\n\t\t\t<\/aside>\n\t\t<aside id=\"recent-posts-2\" class=\"widget widget_recent_entries\">\n\t\t<h3 class=\"widget-title\">Articole recente<\/h3>\n\t\t<ul>\n\t\t\t\t\t\t\t\t\t\t\t<li>\n\t\t\t\t\t<a href=\"https:\/\/ecotech.ro\/en\/2021\/03\/10\/calitatea-aerului-din-zonele-locuite\/\">Calitatea aerului din zonele locuite<\/a>\n\t\t\t\t\t\t\t\t\t<\/li>\n\t\t\t\t\t\t\t\t\t\t\t<li>\n\t\t\t\t\t<a href=\"https:\/\/ecotech.ro\/en\/2021\/03\/09\/spune-mi-ce-respiri-si-o-sa-ti-spun-cum-traiesti\/\">Spune-mi ce respiri \u0219i o sa-\u021bi spun cum tr\u0103ie\u0219ti<\/a>\n\t\t\t\t\t\t\t\t\t<\/li>\n\t\t\t\t\t\t\t\t\t\t\t<li>\n\t\t\t\t\t<a href=\"https:\/\/ecotech.ro\/en\/2021\/03\/09\/arderea-necontrolata-a-deseurilor-cov-urile\/\">Arderea necontrolat\u0103 a de\u0219eurilor<\/a>\n\t\t\t\t\t\t\t\t\t<\/li>\n\t\t\t\t\t<\/ul>\n\n\t\t<\/aside>\n\t\t<\/div>\n\t<\/div>\n<\/div><\/div><\/div><\/div><div class=\"vc_row-full-width vc_clearfix\"><\/div>","protected":false},"excerpt":{"rendered":"Cum este afectat\u0103 calitatea vie\u021bii de Compu\u0219ii Organici Volatili (COV-uri) Compu\u0219ii Organici Volatili\u00a0 (COV; \u00een englez\u0103, acronimul e VOC) sunt substan\u021be care pot avea un impact major at\u00e2t pe termen lung - modificarea stratosferei, av\u00e2nd ca efect apari\u021bia schimb\u0103rilor climatice -, c\u00e2t \u0219i pe termen scurt, prin afectarea s\u0103n\u0103t\u0103\u021bii\u00a0 celor care \u00eei inhaleaz\u0103. Principale surse [...]","protected":false},"author":1,"featured_media":0,"parent":0,"menu_order":0,"comment_status":"closed","ping_status":"closed","template":"","meta":{"footnotes":""},"_links":{"self":[{"href":"https:\/\/ecotech.ro\/en\/wp-json\/wp\/v2\/pages\/2178"}],"collection":[{"href":"https:\/\/ecotech.ro\/en\/wp-json\/wp\/v2\/pages"}],"about":[{"href":"https:\/\/ecotech.ro\/en\/wp-json\/wp\/v2\/types\/page"}],"author":[{"embeddable":true,"href":"https:\/\/ecotech.ro\/en\/wp-json\/wp\/v2\/users\/1"}],"replies":[{"embeddable":true,"href":"https:\/\/ecotech.ro\/en\/wp-json\/wp\/v2\/comments?post=2178"}],"version-history":[{"count":16,"href":"https:\/\/ecotech.ro\/en\/wp-json\/wp\/v2\/pages\/2178\/revisions"}],"predecessor-version":[{"id":3509,"href":"https:\/\/ecotech.ro\/en\/wp-json\/wp\/v2\/pages\/2178\/revisions\/3509"}],"wp:attachment":[{"href":"https:\/\/ecotech.ro\/en\/wp-json\/wp\/v2\/media?parent=2178"}],"curies":[{"name":"wp","href":"https:\/\/api.w.org\/{rel}","templated":true}]}}