{"id":2504,"date":"2021-03-04T10:20:57","date_gmt":"2021-03-04T10:20:57","guid":{"rendered":"https:\/\/ecotech.ro\/?page_id=2504"},"modified":"2021-11-11T13:50:11","modified_gmt":"2021-11-11T10:50:11","slug":"proteco-dust","status":"publish","type":"page","link":"https:\/\/ecotech.ro\/en\/produse\/echipamente-filtrare-locala\/proteco-dust\/","title":{"rendered":"CABIN\u0102 DE PRESURIZARE &#8211; PROTECO DUST"},"content":{"rendered":"<div data-vc-full-width=\"true\" data-vc-full-width-init=\"false\" data-vc-stretch-content=\"true\" class=\"vc_row wpb_row vc_row-fluid vc_custom_1615457478619\"><div class=\"wpb_column vc_column_container vc_col-sm-12 vc_hidden-md vc_hidden-sm vc_hidden-xs\"><div class=\"vc_column-inner\"><div class=\"wpb_wrapper\">\n\t<div class=\"wpb_text_column wpb_content_element\" >\n\t\t<div class=\"wpb_wrapper\">\n\t\t\t<h4 style=\"text-align: left;\"><span style=\"color: #3085d3;\"><a style=\"color: #3085d3;\" href=\"https:\/\/ecotech.ro\/en\/\">Home<\/a><\/span> \/\u00a0<span style=\"color: #3085d3;\"><a style=\"color: #3085d3;\" href=\"https:\/\/ecotech.ro\/en\/produse\/\">Produse<\/a> <\/span>\/\u00a0<span style=\"color: #3085d3;\"><a style=\"color: #3085d3;\" href=\"https:\/\/ecotech.ro\/en\/produse\/echipamente-filtrare-locala\/\">Echipamente de Filtrare Local\u0103<\/a> <\/span>\/\u00a0<span style=\"color: #3085d3;\">Cabin\u0103 de Presurizare &#8211; Proteco Dust<\/span><\/h4>\n\n\t\t<\/div>\n\t<\/div>\n<\/div><\/div><\/div><\/div><div class=\"vc_row-full-width vc_clearfix\"><\/div><div class=\"vc_row wpb_row vc_row-fluid vc_custom_1615457333861\"><div class=\"wpb_column vc_column_container vc_col-sm-12 vc_hidden-lg\"><div class=\"vc_column-inner vc_custom_1615457525234\"><div class=\"wpb_wrapper\">\n\t<div class=\"wpb_text_column wpb_content_element\" >\n\t\t<div class=\"wpb_wrapper\">\n\t\t\t<h6 style=\"text-align: left;\"><span style=\"color: #3085d3;\"><a style=\"color: #3085d3;\" href=\"https:\/\/ecotech.ro\/en\/\">Home<\/a><\/span> \/\u00a0<span style=\"color: #3085d3;\"><a style=\"color: #3085d3;\" href=\"https:\/\/ecotech.ro\/en\/produse\/\">Produse<\/a> <\/span>\/\u00a0<span style=\"color: #3085d3;\"><a style=\"color: #3085d3;\" href=\"https:\/\/ecotech.ro\/en\/produse\/echipamente-filtrare-locala\/\">Echipamente de Filtrare Local\u0103<\/a> <\/span>\/\u00a0<span style=\"color: #3085d3;\">Cabin\u0103 de Presurizare &#8211; Proteco Dust<\/span><\/h6>\n\n\t\t<\/div>\n\t<\/div>\n<\/div><\/div><\/div><\/div><div class=\"vc_row wpb_row vc_row-fluid vc_custom_1615462062487\"><div class=\"wpb_column vc_column_container vc_col-sm-12 vc_hidden-md vc_hidden-sm vc_hidden-xs\"><div class=\"vc_column-inner vc_custom_1615456716788\"><div class=\"wpb_wrapper\">\n\t<div class=\"wpb_text_column wpb_content_element\" >\n\t\t<div class=\"wpb_wrapper\">\n\t\t\t<h1 style=\"text-align: center;\"><span style=\"color: #3085d3;\"><strong>CABIN\u0102 DE PRESURIZARE LOCAL\u0102 &#8211; PROTECO DUST<\/strong><\/span><\/h1>\n\n\t\t<\/div>\n\t<\/div>\n<\/div><\/div><\/div><\/div><div class=\"vc_row wpb_row vc_row-fluid vc_custom_1615457803005\"><div class=\"wpb_column vc_column_container vc_col-sm-12 vc_hidden-lg\"><div class=\"vc_column-inner vc_custom_1615456739043\"><div class=\"wpb_wrapper\">\n\t<div class=\"wpb_text_column wpb_content_element  vc_custom_1615462236278\" >\n\t\t<div class=\"wpb_wrapper\">\n\t\t\t<h1 style=\"text-align: center;\"><span style=\"color: #3085d3;\"><strong>CABIN\u0102 DE PRESURIZARE LOCAL\u0102 &#8211; PROTECO DUST<\/strong><\/span><\/h1>\n\n\t\t<\/div>\n\t<\/div>\n<\/div><\/div><\/div><\/div><div data-vc-full-width=\"true\" data-vc-full-width-init=\"false\" class=\"vc_row wpb_row vc_row-fluid vc_custom_1615462245056 vc_row-has-fill\"><div class=\"wpb_column vc_column_container vc_col-sm-8\"><div class=\"vc_column-inner vc_custom_1543830796074\"><div class=\"wpb_wrapper\">\n\t<div class=\"wpb_text_column wpb_content_element\" >\n\t\t<div class=\"wpb_wrapper\">\n\t\t\t<h3 style=\"font-weight: bold; margin-bottom: 30px;\"><span style=\"color: #3085d3;\">Descriere<\/span><\/h3>\n\n\t\t<\/div>\n\t<\/div>\n\n\t<div class=\"wpb_text_column wpb_content_element  vc_custom_1615973847882\" >\n\t\t<div class=\"wpb_wrapper\">\n\t\t\t<p><span style=\"color: #000000;\">Un aer \u00eenc\u0103rcat de particule poate afecta sistemele electronice ale tablourilor electrice.<\/span><\/p>\n<p><span style=\"color: #3085d3;\"><strong>Proteco Dust<\/strong><\/span> <span style=\"color: #000000;\">se monteaz\u0103 pe orice tablou electric, asigur\u00e2nd filtrarea aerului p\u00e2n\u0103 la PM 2.5, cu o precizie de 80%, conform standardului EN779.<\/span><\/p>\n<p><span style=\"color: #3085d3;\"><strong>Proteco Dust<\/strong><\/span> <span style=\"color: #000000;\">elimin\u0103 defectele cauzate de mediul pr\u0103fos sau coroziv din intreprinderi industriale.<\/span><\/p>\n<p><span style=\"color: #000000;\">Un tablou electric dotat cu<\/span> <span style=\"color: #3085d3;\"><strong>Proteco Dust<\/strong><\/span><span style=\"color: #000000;\">, nu va mai avea defec\u021biuni cauzate de mediu, deoarece \u00een interiorul acestuia nu va mai intra niciodat\u0103 praf.<\/span><\/p>\n<p><span style=\"color: #000000;\">La tablourile electrice ale utilajelor care lucreaz\u0103 \u00een medii cu pulberi \u00een suspensie, pot sa ajung\u0103 la interven\u021bii frecvente a echipelor de mentenan\u021b\u0103, gener\u00e2nd costuri \u0219i \u00eentreruperi accidentale costisitoare.<\/span><\/p>\n\n\t\t<\/div>\n\t<\/div>\n\n\t<div class=\"wpb_text_column wpb_content_element\" >\n\t\t<div class=\"wpb_wrapper\">\n\t\t\t<h3 style=\"font-weight: bold; margin-bottom: 30px;\"><span style=\"color: #3085d3;\">Exemple de utilaje care pot fi protejate cu Proteco Dust:<\/span><\/h3>\n\n\t\t<\/div>\n\t<\/div>\n\n\t<div class=\"wpb_text_column wpb_content_element  vc_custom_1614873996403\" >\n\t\t<div class=\"wpb_wrapper\">\n\t\t\t<ul type=\"none\">\n<li><span style=\"color: #3085d3;\"><span style=\"color: #000000;\"> Robo\u021bi industriali;<\/span><\/span><\/li>\n<li><span style=\"color: #3085d3;\"><i class=\"fa fa-wrench\" style=\"margin-right: 10px;\"><\/i> <span style=\"color: #000000;\"> Utilaje de frezare cu calculator;<\/span><\/span><\/li>\n<li><span style=\"color: #3085d3;\"><i class=\"fa fa-wrench\" style=\"margin-right: 10px;\"><\/i> <span style=\"color: #000000;\"> Poduri rulante;<\/span><\/span><\/li>\n<li><span style=\"color: #3085d3;\"><i class=\"fa fa-wrench\" style=\"margin-right: 10px;\"><\/i> <span style=\"color: #000000;\"> Ma\u0219ini de t\u0103iere cu laser sau plasm\u0103;<\/span><\/span><\/li>\n<li><span style=\"color: #3085d3;\"><i class=\"fa fa-wrench\" style=\"margin-right: 10px;\"><\/i> <span style=\"color: #000000;\">Mixere industriale, etc.<\/span><\/span><\/li>\n<\/ul>\n\n\t\t<\/div>\n\t<\/div>\n\n\t<div class=\"wpb_text_column wpb_content_element\" >\n\t\t<div class=\"wpb_wrapper\">\n\t\t\t<div role=\"form\" class=\"wpcf7\" id=\"wpcf7-f206-o1\" lang=\"en-US\" dir=\"ltr\">\n<div class=\"screen-reader-response\"><p role=\"status\" aria-live=\"polite\" aria-atomic=\"true\"><\/p> <ul><\/ul><\/div>\n<form action=\"\/en\/wp-json\/wp\/v2\/pages\/2504#wpcf7-f206-o1\" method=\"post\" class=\"wpcf7-form init\" novalidate=\"novalidate\" data-status=\"init\" data-trp-original-action=\"\/en\/wp-json\/wp\/v2\/pages\/2504#wpcf7-f206-o1\">\n<div style=\"display: none;\">\n<input type=\"hidden\" name=\"_wpcf7\" value=\"206\" \/>\n<input type=\"hidden\" name=\"_wpcf7_version\" value=\"5.5.3\" \/>\n<input type=\"hidden\" name=\"_wpcf7_locale\" value=\"en_US\" \/>\n<input type=\"hidden\" name=\"_wpcf7_unit_tag\" value=\"wpcf7-f206-o1\" \/>\n<input type=\"hidden\" name=\"_wpcf7_container_post\" value=\"0\" \/>\n<input type=\"hidden\" name=\"_wpcf7_posted_data_hash\" value=\"\" \/>\n<input type=\"hidden\" name=\"_wpcf7_recaptcha_response\" value=\"\" \/>\n<\/div>\n<div class=\"zidex-quote zidex-quote-sidebar\">\n<div class=\"col-md-12 col-sm-12 zidex-quote-top\">\n<div class=\"col-md-3 col-xs-3 col-sm-5 zidex-quote-top-icon\">\n   <img decoding=\"async\" src=\"https:\/\/zidex.modeltheme.com\/wp-content\/uploads_dummy_data\/2018\/11\/worker-1.png\" alt=\"worker\">\n  <\/div>\n<div class=\"col-md-9 col-xs-9 col-sm-7 zidex-quote-top-title\">\n<h3>Solicit\u0103 ofert\u0103<\/h3>\n<\/div>\n<\/div>\n<div class=\"col-md-12 zidex-quote-content\">\n<div class=\"col-md-6\">\n      <label><span class=\"wpcf7-form-control-wrap your-name\"><input type=\"text\" name=\"your-name\" value=\"\" size=\"40\" class=\"wpcf7-form-control wpcf7-text wpcf7-validates-as-required\" aria-required=\"true\" aria-invalid=\"false\" placeholder=\"Nume\" \/><\/span><\/label>\n   <\/div>\n<div class=\"col-md-6\">\n      <label><span class=\"wpcf7-form-control-wrap your-surname\"><input type=\"text\" name=\"your-surname\" value=\"\" size=\"40\" class=\"wpcf7-form-control wpcf7-text wpcf7-validates-as-required\" aria-required=\"true\" aria-invalid=\"false\" placeholder=\"Prenume\" \/><\/span><\/label>\n   <\/div>\n<div class=\"col-md-12\">\n      <label><span class=\"wpcf7-form-control-wrap companie\"><input type=\"text\" name=\"companie\" value=\"\" size=\"40\" class=\"wpcf7-form-control wpcf7-text\" aria-invalid=\"false\" placeholder=\"Companie (op\u021bional)\" \/><\/span><\/label>\n   <\/div>\n<div class=\"col-md-6\">\n      <label><span class=\"wpcf7-form-control-wrap email\"><input type=\"email\" name=\"email\" value=\"\" size=\"40\" class=\"wpcf7-form-control wpcf7-text wpcf7-email wpcf7-validates-as-required wpcf7-validates-as-email\" aria-required=\"true\" aria-invalid=\"false\" placeholder=\"Email\" \/><\/span><\/label>\n   <\/div>\n<div class=\"col-md-6\">\n     <label><span class=\"wpcf7-form-control-wrap phone\"><input type=\"tel\" name=\"phone\" value=\"\" size=\"40\" class=\"wpcf7-form-control wpcf7-text wpcf7-tel wpcf7-validates-as-required wpcf7-validates-as-tel\" aria-required=\"true\" aria-invalid=\"false\" placeholder=\"Telefon\" \/><\/span><\/label>\n   <\/div>\n<div class=\"col-md-12\">\n     <label><span class=\"wpcf7-form-control-wrap message\"><textarea name=\"message\" cols=\"40\" rows=\"10\" class=\"wpcf7-form-control wpcf7-textarea wpcf7-validates-as-required\" aria-required=\"true\" aria-invalid=\"false\" placeholder=\"Mesajul dumneavoastr\u0103\"><\/textarea><\/span><\/label>\n   <\/div>\n<div class=\"col-md-12\">\n     <button type=\"submit\" class=\"wpcf7-form-control wpcf7-submit\">Trimite<\/button>\n   <\/div>\n<\/div>\n<\/div>\n<div class=\"wpcf7-response-output\" aria-hidden=\"true\"><\/div><input type=\"hidden\" name=\"trp-form-language\" value=\"en\"\/><\/form><\/div>\n\n\t\t<\/div>\n\t<\/div>\n<\/div><\/div><\/div><div class=\"wpb_column vc_column_container vc_col-sm-4\"><div class=\"vc_column-inner vc_custom_1614874266011\"><div class=\"wpb_wrapper\">\n<div class=\"vc_grid-container-wrapper vc_clearfix\">\n\t<div class=\"vc_grid-container vc_clearfix wpb_content_element vc_media_grid\" data-initial-loading-animation=\"fadeIn\" data-vc-grid-settings=\"{&quot;page_id&quot;:2504,&quot;style&quot;:&quot;all&quot;,&quot;action&quot;:&quot;vc_get_vc_grid_data&quot;,&quot;shortcode_id&quot;:&quot;1636627649293-b2b72f2d-79c9-5&quot;,&quot;tag&quot;:&quot;vc_media_grid&quot;}\" data-vc-request=\"https:\/\/ecotech.ro\/wp-admin\/admin-ajax.php\" data-vc-post-id=\"2504\" data-vc-public-nonce=\"4ef3bc6656\">\n\t\t\n\t<\/div>\n<\/div><\/div><\/div><\/div><\/div><div class=\"vc_row-full-width vc_clearfix\"><\/div>","protected":false},"excerpt":{"rendered":"Home \/\u00a0Produse \/\u00a0Echipamente de Filtrare Local\u0103 \/\u00a0Cabin\u0103 de Presurizare - Proteco Dust Home \/\u00a0Produse \/\u00a0Echipamente de Filtrare Local\u0103 \/\u00a0Cabin\u0103 de Presurizare - Proteco Dust CABIN\u0102 DE PRESURIZARE LOCAL\u0102 - PROTECO DUST CABIN\u0102 DE PRESURIZARE LOCAL\u0102 - PROTECO DUST Descriere Un aer \u00eenc\u0103rcat de particule poate afecta sistemele electronice ale tablourilor electrice. Proteco Dust se monteaz\u0103 [...]","protected":false},"author":1,"featured_media":3908,"parent":2502,"menu_order":0,"comment_status":"closed","ping_status":"closed","template":"","meta":{"footnotes":""},"_links":{"self":[{"href":"https:\/\/ecotech.ro\/en\/wp-json\/wp\/v2\/pages\/2504"}],"collection":[{"href":"https:\/\/ecotech.ro\/en\/wp-json\/wp\/v2\/pages"}],"about":[{"href":"https:\/\/ecotech.ro\/en\/wp-json\/wp\/v2\/types\/page"}],"author":[{"embeddable":true,"href":"https:\/\/ecotech.ro\/en\/wp-json\/wp\/v2\/users\/1"}],"replies":[{"embeddable":true,"href":"https:\/\/ecotech.ro\/en\/wp-json\/wp\/v2\/comments?post=2504"}],"version-history":[{"count":12,"href":"https:\/\/ecotech.ro\/en\/wp-json\/wp\/v2\/pages\/2504\/revisions"}],"predecessor-version":[{"id":4204,"href":"https:\/\/ecotech.ro\/en\/wp-json\/wp\/v2\/pages\/2504\/revisions\/4204"}],"up":[{"embeddable":true,"href":"https:\/\/ecotech.ro\/en\/wp-json\/wp\/v2\/pages\/2502"}],"wp:featuredmedia":[{"embeddable":true,"href":"https:\/\/ecotech.ro\/en\/wp-json\/wp\/v2\/media\/3908"}],"wp:attachment":[{"href":"https:\/\/ecotech.ro\/en\/wp-json\/wp\/v2\/media?parent=2504"}],"curies":[{"name":"wp","href":"https:\/\/api.w.org\/{rel}","templated":true}]}}