{"id":2679,"date":"2021-03-04T10:05:09","date_gmt":"2021-03-04T10:05:09","guid":{"rendered":"https:\/\/ecotech.ro\/?page_id=2679"},"modified":"2021-11-11T14:08:02","modified_gmt":"2021-11-11T11:08:02","slug":"panou-filtrant","status":"publish","type":"page","link":"https:\/\/ecotech.ro\/en\/produse\/echipamente-filtrare-locala\/panou-filtrant\/","title":{"rendered":"PANOU FILTRANT"},"content":{"rendered":"<div data-vc-full-width=\"true\" data-vc-full-width-init=\"false\" data-vc-stretch-content=\"true\" class=\"vc_row wpb_row vc_row-fluid vc_custom_1615457478619\"><div class=\"wpb_column vc_column_container vc_col-sm-12 vc_hidden-md vc_hidden-sm vc_hidden-xs\"><div class=\"vc_column-inner\"><div class=\"wpb_wrapper\">\n\t<div class=\"wpb_text_column wpb_content_element\" >\n\t\t<div class=\"wpb_wrapper\">\n\t\t\t<h4 style=\"text-align: left;\"><span style=\"color: #3085d3;\"><a style=\"color: #3085d3;\" href=\"https:\/\/ecotech.ro\/en\/\">Home<\/a><\/span> \/\u00a0<span style=\"color: #3085d3;\"><a style=\"color: #3085d3;\" href=\"https:\/\/ecotech.ro\/en\/produse\/\">Produse<\/a> <\/span>\/\u00a0<span style=\"color: #3085d3;\"><a style=\"color: #3085d3;\" href=\"https:\/\/ecotech.ro\/en\/produse\/echipamente-filtrare-locala\/\">Echipamente de Filtrare Local\u0103<\/a> <\/span>\/\u00a0<span style=\"color: #3085d3;\">Panou Filtrant<\/span><\/h4>\n\n\t\t<\/div>\n\t<\/div>\n<\/div><\/div><\/div><\/div><div class=\"vc_row-full-width vc_clearfix\"><\/div><div class=\"vc_row wpb_row vc_row-fluid vc_custom_1615457333861\"><div class=\"wpb_column vc_column_container vc_col-sm-12 vc_hidden-lg\"><div class=\"vc_column-inner vc_custom_1615457525234\"><div class=\"wpb_wrapper\">\n\t<div class=\"wpb_text_column wpb_content_element\" >\n\t\t<div class=\"wpb_wrapper\">\n\t\t\t<h6 style=\"text-align: left;\"><span style=\"color: #3085d3;\"><a style=\"color: #3085d3;\" href=\"https:\/\/ecotech.ro\/en\/\">Home<\/a><\/span> \/\u00a0<span style=\"color: #3085d3;\"><a style=\"color: #3085d3;\" href=\"https:\/\/ecotech.ro\/en\/produse\/\">Produse<\/a> <\/span>\/\u00a0<span style=\"color: #3085d3;\"><a style=\"color: #3085d3;\" href=\"https:\/\/ecotech.ro\/en\/produse\/echipamente-filtrare-locala\/\">Echipamente de Filtrare Local\u0103<\/a> <\/span>\/\u00a0<span style=\"color: #3085d3;\">Panou Filtrant<\/span><\/h6>\n\n\t\t<\/div>\n\t<\/div>\n<\/div><\/div><\/div><\/div><div class=\"vc_row wpb_row vc_row-fluid vc_custom_1615462837619\"><div class=\"wpb_column vc_column_container vc_col-sm-12 vc_hidden-md vc_hidden-sm vc_hidden-xs\"><div class=\"vc_column-inner vc_custom_1615456716788\"><div class=\"wpb_wrapper\">\n\t<div class=\"wpb_text_column wpb_content_element\" >\n\t\t<div class=\"wpb_wrapper\">\n\t\t\t<h1 style=\"text-align: center;\"><span style=\"color: #3085d3;\"><strong>PANOU FILTRANT<\/strong><\/span><\/h1>\n\n\t\t<\/div>\n\t<\/div>\n<\/div><\/div><\/div><\/div><div class=\"vc_row wpb_row vc_row-fluid vc_custom_1615457803005\"><div class=\"wpb_column vc_column_container vc_col-sm-12 vc_hidden-lg\"><div class=\"vc_column-inner vc_custom_1615456739043\"><div class=\"wpb_wrapper\">\n\t<div class=\"wpb_text_column wpb_content_element  vc_custom_1615462830322\" >\n\t\t<div class=\"wpb_wrapper\">\n\t\t\t<h1 style=\"text-align: center;\"><span style=\"color: #3085d3;\"><strong>PANOU FILTRANT<\/strong><\/span><\/h1>\n\n\t\t<\/div>\n\t<\/div>\n<\/div><\/div><\/div><\/div><div data-vc-full-width=\"true\" data-vc-full-width-init=\"false\" class=\"vc_row wpb_row vc_row-fluid vc_custom_1615462842700 vc_row-has-fill\"><div class=\"wpb_column vc_column_container vc_col-sm-8\"><div class=\"vc_column-inner vc_custom_1543830796074\"><div class=\"wpb_wrapper\">\n\t<div class=\"wpb_text_column wpb_content_element  vc_custom_1615207795465\" >\n\t\t<div class=\"wpb_wrapper\">\n\t\t\t<p><span style=\"color: #000000;\"><strong><span style=\"color: #3085d3;\">Sistem de filtrare ambiental\u0103<\/span><\/strong> &#8211; elimin\u0103 particulele din aer cu timp mare de sedimentare.<\/span><\/p>\n<p><span style=\"color: #000000;\"><strong><span style=\"color: #3085d3;\">Panourile filtrante<\/span><\/strong> aduc avantajul reducerii costurilor de cur\u0103\u021bare a aerului. Comparativ cu solu\u021biile tradi\u021bionale, acestea ar necesita tubulaturi lungi pentru transferul aerului \u0219i a particulelor captare pe dis\u021bane mari pentru filtrare exterioar\u0103.<\/span><\/p>\n\n\t\t<\/div>\n\t<\/div>\n\n\t<div class=\"wpb_text_column wpb_content_element  vc_custom_1615210034147\" >\n\t\t<div class=\"wpb_wrapper\">\n\t\t\t<h3><span style=\"color: #3085d3;\">Avantaje<\/span><\/h3>\n\n\t\t<\/div>\n\t<\/div>\n\n\t<div class=\"wpb_text_column wpb_content_element  vc_custom_1615208021770\" >\n\t\t<div class=\"wpb_wrapper\">\n\t\t\t<ul type=\"none\">\n<li><span style=\"color: #3085d3;\"><i class=\"fa fa-wrench\" style=\"margin-right: 10px;\"><\/i> <span style=\"color: #000000;\"> Investi\u021bia optim\u0103 pentru \u00eembun\u0103t\u0103\u021birea calit\u0103\u021bii aerului \u0219i protec\u021bia mediului;<\/span><\/span><\/li>\n<li><span style=\"color: #3085d3;\"><i class=\"fa fa-wrench\" style=\"margin-right: 10px;\"><\/i> <span style=\"color: #000000;\"> Sistem standardizat, compact \u0219i usor de amplasat pe perete \u00een hala industrial\u0103;<\/span><\/span><\/li>\n<li><span style=\"color: #3085d3;\"><i class=\"fa fa-wrench\" style=\"margin-right: 10px;\"><\/i> <span style=\"color: #000000;\"> Capacitate foarte mare de stocare a particulelor;<\/span><\/span><\/li>\n<li><span style=\"color: #3085d3;\"><i class=\"fa fa-wrench\" style=\"margin-right: 10px;\"><\/i> <span style=\"color: #000000;\"> Permite reglarea debitului de aer \u00een func\u021bie de necesit\u0103\u021bile instantanee;<\/span><\/span><\/li>\n<li><span style=\"color: #3085d3;\"><i class=\"fa fa-wrench\" style=\"margin-right: 10px;\"><\/i> <span style=\"color: #000000;\">Consum optim de energie prin ventilator de randament extrem de ridicat.<\/span><\/span><\/li>\n<\/ul>\n\n\t\t<\/div>\n\t<\/div>\n\n\t<div class=\"wpb_text_column wpb_content_element  vc_custom_1615210027961\" >\n\t\t<div class=\"wpb_wrapper\">\n\t\t\t<h3><span style=\"color: #3085d3;\">Cartu\u0219 Filtrant<\/span><\/h3>\n\n\t\t<\/div>\n\t<\/div>\n\n\t<div class=\"wpb_text_column wpb_content_element  vc_custom_1615973544198\" >\n\t\t<div class=\"wpb_wrapper\">\n\t\t\t<ul type=\"none\">\n<li><span style=\"color: #3085d3;\"><i class=\"fa fa-wrench\" style=\"margin-right: 10px;\"><\/i> <span style=\"color: #000000;\"> Filtrarea este realizat\u0103 prin cartu\u0219e Donaldson Power Core;<\/span><\/span><\/li>\n<li><span style=\"color: #3085d3;\"><i class=\"fa fa-wrench\" style=\"margin-right: 10px;\"><\/i> <span style=\"color: #000000;\"> Asigur\u0103 o filtrare ambiental\u0103 de maxim\u0103 eficien\u021b\u0103 pentru particule p\u00e2n\u0103 la 0.2 microni;<\/span><\/span><\/li>\n<li><span style=\"color: #3085d3;\"><i class=\"fa fa-wrench\" style=\"margin-right: 10px;\"><\/i> <span style=\"color: #000000;\"> Asigur\u0103 salvarea energiei calorice dup\u0103 filtrare;<\/span><\/span><\/li>\n<li><span style=\"color: #3085d3;\"><i class=\"fa fa-wrench\" style=\"margin-right: 10px;\"><\/i> <span style=\"color: #000000;\"> Permite aglomerarea fibrelor ce creeaz\u0103 \u021bes\u0103turi \u0219i \u00eendep\u0103rtarea facil\u0103 a acestora;<\/span><\/span><\/li>\n<li><span style=\"color: #3085d3;\"><i class=\"fa fa-wrench\" style=\"margin-right: 10px;\"><\/i> <span style=\"color: #000000;\"> Calitatea filtr\u0103rii este corespunz\u0103toare clasei de filtrare F9 conform standardului EN779;<\/span><\/span><\/li>\n<li><span style=\"color: #3085d3;\"><i class=\"fa fa-wrench\" style=\"margin-right: 10px;\"><\/i> <span style=\"color: #000000;\"> Fiabilitate crescut\u0103 \u0219i o \u00eenalt\u0103 eficien\u021b\u0103 \u00een separarea particulelor din aer;<\/span><\/span><\/li>\n<li><span style=\"color: #3085d3;\"><i class=\"fa fa-wrench\" style=\"margin-right: 10px;\"><\/i> <span style=\"color: #000000;\"> Reducerea costurilor de operare datorit\u0103 tehnologiei Ultra-Web Nanofiber;<\/span><\/span><\/li>\n<li><span style=\"color: #3085d3;\"><i class=\"fa fa-wrench\" style=\"margin-right: 10px;\"><\/i> <span style=\"color: #000000;\"> Particulele fibroase de dimensiuni mari sunt re\u021binute \u00eenaintea intr\u0103rii \u00een tuburile filtrante fiind ulterior foarte u\u0219or de \u00eendep\u0103rtat.<\/span><\/span><\/li>\n<\/ul>\n\n\t\t<\/div>\n\t<\/div>\n\n\t<div class=\"wpb_text_column wpb_content_element  vc_custom_1615210021023\" >\n\t\t<div class=\"wpb_wrapper\">\n\t\t\t<h3><span style=\"color: #3085d3;\">Ventilator<\/span><\/h3>\n\n\t\t<\/div>\n\t<\/div>\n\n\t<div class=\"wpb_text_column wpb_content_element  vc_custom_1615973581402\" >\n\t\t<div class=\"wpb_wrapper\">\n\t\t\t<p><span style=\"color: #000000;\">Aerul este antrenat de un ventilator Ziehl &#8211; Abegg cu sistem electronic de reglare a tura\u021biei. \u00cen acest fel se va putea face un reglaj eficient al debitului absorbit \u00een func\u021bie de necesit\u0103\u021bi \u00eentre 100 si 4000 mc\/h.<\/span><\/p>\n<p><span style=\"color: #000000;\">Ventola este realizat\u0103 din materiale compozite, are forma aerodinamic\u0103, optim\u0103 pentru cel mai bun randament al unui ventilator centrifugal.<\/span><\/p>\n<p><span style=\"color: #000000;\">Forma \u00een sec\u021biune a paletei, asem\u0103n\u0103toare aripii de avion asigur\u0103 at\u00e2t randamentul ridicat, c\u00e2t \u0219i zgomotul sc\u0103zut.<\/span><\/p>\n\n\t\t<\/div>\n\t<\/div>\n\n\t<div class=\"wpb_text_column wpb_content_element  vc_custom_1615208505009\" >\n\t\t<div class=\"wpb_wrapper\">\n\t\t\t<ul type=\"none\">\n<li><span style=\"color: #3085d3;\"><i class=\"fa fa-wrench\" style=\"margin-right: 10px;\"><\/i> <span style=\"color: #000000;\"> U\u0219or de cur\u0103\u021bat<\/span><\/span>\n<ol>Cur\u0103\u021barea cartu\u0219elor se face prin scuturarea periodic\u0103;<\/ol>\n<\/li>\n<li><span style=\"color: #3085d3;\"><i class=\"fa fa-wrench\" style=\"margin-right: 10px;\"><\/i> <span style=\"color: #000000;\"> U\u0219or de montat<\/span><\/span>\n<ol>Panourile se monteaz\u0103 pe perete \u00een zona poluat\u0103;<\/ol>\n<\/li>\n<li><span style=\"color: #3085d3;\"><i class=\"fa fa-wrench\" style=\"margin-right: 10px;\"><\/i> <span style=\"color: #000000;\"> U\u0219or de operat<\/span><\/span>\n<ol>Se adapteaz\u0103 cerin\u021belor din zona controlat\u0103.<\/ol>\n<\/li>\n<\/ul>\n\n\t\t<\/div>\n\t<\/div>\n<\/div><\/div><\/div><div class=\"wpb_column vc_column_container vc_col-sm-4\"><div class=\"vc_column-inner vc_custom_1615210081015\"><div class=\"wpb_wrapper\">\n<div class=\"vc_grid-container-wrapper vc_clearfix\">\n\t<div class=\"vc_grid-container vc_clearfix wpb_content_element vc_media_grid\" data-initial-loading-animation=\"fadeIn\" data-vc-grid-settings=\"{&quot;page_id&quot;:2679,&quot;style&quot;:&quot;all&quot;,&quot;action&quot;:&quot;vc_get_vc_grid_data&quot;,&quot;shortcode_id&quot;:&quot;1636628470912-53abc30e-2c4e-2&quot;,&quot;tag&quot;:&quot;vc_media_grid&quot;}\" data-vc-request=\"https:\/\/ecotech.ro\/wp-admin\/admin-ajax.php\" data-vc-post-id=\"2679\" data-vc-public-nonce=\"4ef3bc6656\">\n\t\t\n\t<\/div>\n<\/div><\/div><\/div><\/div><\/div><div class=\"vc_row-full-width vc_clearfix\"><\/div><div class=\"vc_row wpb_row vc_row-fluid\"><div class=\"wpb_column vc_column_container vc_col-sm-12\"><div class=\"vc_column-inner vc_custom_1615210112972\"><div class=\"wpb_wrapper\">\n\t<div class=\"wpb_text_column wpb_content_element\" >\n\t\t<div class=\"wpb_wrapper\">\n\t\t\t<div role=\"form\" class=\"wpcf7\" id=\"wpcf7-f206-o1\" lang=\"en-US\" dir=\"ltr\">\n<div class=\"screen-reader-response\"><p role=\"status\" aria-live=\"polite\" aria-atomic=\"true\"><\/p> <ul><\/ul><\/div>\n<form action=\"\/en\/wp-json\/wp\/v2\/pages\/2679#wpcf7-f206-o1\" method=\"post\" class=\"wpcf7-form init\" novalidate=\"novalidate\" data-status=\"init\" data-trp-original-action=\"\/en\/wp-json\/wp\/v2\/pages\/2679#wpcf7-f206-o1\">\n<div style=\"display: none;\">\n<input type=\"hidden\" name=\"_wpcf7\" value=\"206\" \/>\n<input type=\"hidden\" name=\"_wpcf7_version\" value=\"5.5.3\" \/>\n<input type=\"hidden\" name=\"_wpcf7_locale\" value=\"en_US\" \/>\n<input type=\"hidden\" name=\"_wpcf7_unit_tag\" value=\"wpcf7-f206-o1\" \/>\n<input type=\"hidden\" name=\"_wpcf7_container_post\" value=\"0\" \/>\n<input type=\"hidden\" name=\"_wpcf7_posted_data_hash\" value=\"\" \/>\n<input type=\"hidden\" name=\"_wpcf7_recaptcha_response\" value=\"\" \/>\n<\/div>\n<div class=\"zidex-quote zidex-quote-sidebar\">\n<div class=\"col-md-12 col-sm-12 zidex-quote-top\">\n<div class=\"col-md-3 col-xs-3 col-sm-5 zidex-quote-top-icon\">\n   <img decoding=\"async\" src=\"https:\/\/zidex.modeltheme.com\/wp-content\/uploads_dummy_data\/2018\/11\/worker-1.png\" alt=\"worker\">\n  <\/div>\n<div class=\"col-md-9 col-xs-9 col-sm-7 zidex-quote-top-title\">\n<h3>Solicit\u0103 ofert\u0103<\/h3>\n<\/div>\n<\/div>\n<div class=\"col-md-12 zidex-quote-content\">\n<div class=\"col-md-6\">\n      <label><span class=\"wpcf7-form-control-wrap your-name\"><input type=\"text\" name=\"your-name\" value=\"\" size=\"40\" class=\"wpcf7-form-control wpcf7-text wpcf7-validates-as-required\" aria-required=\"true\" aria-invalid=\"false\" placeholder=\"Nume\" \/><\/span><\/label>\n   <\/div>\n<div class=\"col-md-6\">\n      <label><span class=\"wpcf7-form-control-wrap your-surname\"><input type=\"text\" name=\"your-surname\" value=\"\" size=\"40\" class=\"wpcf7-form-control wpcf7-text wpcf7-validates-as-required\" aria-required=\"true\" aria-invalid=\"false\" placeholder=\"Prenume\" \/><\/span><\/label>\n   <\/div>\n<div class=\"col-md-12\">\n      <label><span class=\"wpcf7-form-control-wrap companie\"><input type=\"text\" name=\"companie\" value=\"\" size=\"40\" class=\"wpcf7-form-control wpcf7-text\" aria-invalid=\"false\" placeholder=\"Companie (op\u021bional)\" \/><\/span><\/label>\n   <\/div>\n<div class=\"col-md-6\">\n      <label><span class=\"wpcf7-form-control-wrap email\"><input type=\"email\" name=\"email\" value=\"\" size=\"40\" class=\"wpcf7-form-control wpcf7-text wpcf7-email wpcf7-validates-as-required wpcf7-validates-as-email\" aria-required=\"true\" aria-invalid=\"false\" placeholder=\"Email\" \/><\/span><\/label>\n   <\/div>\n<div class=\"col-md-6\">\n     <label><span class=\"wpcf7-form-control-wrap phone\"><input type=\"tel\" name=\"phone\" value=\"\" size=\"40\" class=\"wpcf7-form-control wpcf7-text wpcf7-tel wpcf7-validates-as-required wpcf7-validates-as-tel\" aria-required=\"true\" aria-invalid=\"false\" placeholder=\"Telefon\" \/><\/span><\/label>\n   <\/div>\n<div class=\"col-md-12\">\n     <label><span class=\"wpcf7-form-control-wrap message\"><textarea name=\"message\" cols=\"40\" rows=\"10\" class=\"wpcf7-form-control wpcf7-textarea wpcf7-validates-as-required\" aria-required=\"true\" aria-invalid=\"false\" placeholder=\"Mesajul dumneavoastr\u0103\"><\/textarea><\/span><\/label>\n   <\/div>\n<div class=\"col-md-12\">\n     <button type=\"submit\" class=\"wpcf7-form-control wpcf7-submit\">Trimite<\/button>\n   <\/div>\n<\/div>\n<\/div>\n<div class=\"wpcf7-response-output\" aria-hidden=\"true\"><\/div><input type=\"hidden\" name=\"trp-form-language\" value=\"en\"\/><\/form><\/div>\n\n\t\t<\/div>\n\t<\/div>\n<\/div><\/div><\/div><\/div>","protected":false},"excerpt":{"rendered":"Home \/\u00a0Produse \/\u00a0Echipamente de Filtrare Local\u0103 \/\u00a0Panou Filtrant Home \/\u00a0Produse \/\u00a0Echipamente de Filtrare Local\u0103 \/\u00a0Panou Filtrant PANOU FILTRANT PANOU FILTRANT Sistem de filtrare ambiental\u0103 - elimin\u0103 particulele din aer cu timp mare de sedimentare. Panourile filtrante aduc avantajul reducerii costurilor de cur\u0103\u021bare a aerului. Comparativ cu solu\u021biile tradi\u021bionale, acestea ar necesita tubulaturi lungi pentru transferul [...]","protected":false},"author":1,"featured_media":3898,"parent":2502,"menu_order":0,"comment_status":"closed","ping_status":"closed","template":"","meta":{"footnotes":""},"_links":{"self":[{"href":"https:\/\/ecotech.ro\/en\/wp-json\/wp\/v2\/pages\/2679"}],"collection":[{"href":"https:\/\/ecotech.ro\/en\/wp-json\/wp\/v2\/pages"}],"about":[{"href":"https:\/\/ecotech.ro\/en\/wp-json\/wp\/v2\/types\/page"}],"author":[{"embeddable":true,"href":"https:\/\/ecotech.ro\/en\/wp-json\/wp\/v2\/users\/1"}],"replies":[{"embeddable":true,"href":"https:\/\/ecotech.ro\/en\/wp-json\/wp\/v2\/comments?post=2679"}],"version-history":[{"count":18,"href":"https:\/\/ecotech.ro\/en\/wp-json\/wp\/v2\/pages\/2679\/revisions"}],"predecessor-version":[{"id":4215,"href":"https:\/\/ecotech.ro\/en\/wp-json\/wp\/v2\/pages\/2679\/revisions\/4215"}],"up":[{"embeddable":true,"href":"https:\/\/ecotech.ro\/en\/wp-json\/wp\/v2\/pages\/2502"}],"wp:featuredmedia":[{"embeddable":true,"href":"https:\/\/ecotech.ro\/en\/wp-json\/wp\/v2\/media\/3898"}],"wp:attachment":[{"href":"https:\/\/ecotech.ro\/en\/wp-json\/wp\/v2\/media?parent=2679"}],"curies":[{"name":"wp","href":"https:\/\/api.w.org\/{rel}","templated":true}]}}