{"id":2713,"date":"2021-03-08T10:05:13","date_gmt":"2021-03-08T10:05:13","guid":{"rendered":"https:\/\/ecotech.ro\/?page_id=2713"},"modified":"2021-11-11T14:15:32","modified_gmt":"2021-11-11T11:15:32","slug":"ecluza-rotativa","status":"publish","type":"page","link":"https:\/\/ecotech.ro\/en\/produse\/transport-colectare-stocare\/ecluza-rotativa\/","title":{"rendered":"ECLUZ\u0102 ROTATIV\u0102"},"content":{"rendered":"<div data-vc-full-width=\"true\" data-vc-full-width-init=\"false\" data-vc-stretch-content=\"true\" class=\"vc_row wpb_row vc_row-fluid vc_custom_1615457478619\"><div class=\"wpb_column vc_column_container vc_col-sm-12 vc_hidden-md vc_hidden-sm vc_hidden-xs\"><div class=\"vc_column-inner\"><div class=\"wpb_wrapper\">\n\t<div class=\"wpb_text_column wpb_content_element\" >\n\t\t<div class=\"wpb_wrapper\">\n\t\t\t<h4 style=\"text-align: left;\"><span style=\"color: #3085d3;\"><a style=\"color: #3085d3;\" href=\"https:\/\/ecotech.ro\/en\/\">Home<\/a><\/span> \/\u00a0<span style=\"color: #3085d3;\"><a style=\"color: #3085d3;\" href=\"https:\/\/ecotech.ro\/en\/produse\/\">Produse<\/a> <\/span>\/\u00a0<span style=\"color: #3085d3;\"><a style=\"color: #3085d3;\" href=\"https:\/\/ecotech.ro\/en\/produse\/transport-colectare-stocare\/\">Transport, Colectare \u0219i Stocare<\/a> <\/span>\/\u00a0<span style=\"color: #3085d3;\">Ecluz\u0103 Rotativ\u0103<\/span><\/h4>\n\n\t\t<\/div>\n\t<\/div>\n<\/div><\/div><\/div><\/div><div class=\"vc_row-full-width vc_clearfix\"><\/div><div class=\"vc_row wpb_row vc_row-fluid vc_custom_1615457333861\"><div class=\"wpb_column vc_column_container vc_col-sm-12 vc_hidden-lg\"><div class=\"vc_column-inner vc_custom_1615457525234\"><div class=\"wpb_wrapper\">\n\t<div class=\"wpb_text_column wpb_content_element\" >\n\t\t<div class=\"wpb_wrapper\">\n\t\t\t<h6 style=\"text-align: left;\"><span style=\"color: #3085d3;\"><a style=\"color: #3085d3;\" href=\"https:\/\/ecotech.ro\/en\/\">Home<\/a><\/span> \/\u00a0<span style=\"color: #3085d3;\"><a style=\"color: #3085d3;\" href=\"https:\/\/ecotech.ro\/en\/produse\/\">Produse<\/a> <\/span>\/\u00a0<span style=\"color: #3085d3;\"><a style=\"color: #3085d3;\" href=\"https:\/\/ecotech.ro\/en\/produse\/transport-colectare-stocare\/\">Transport, Colectare \u0219i Stocare<\/a> <\/span>\/\u00a0<span style=\"color: #3085d3;\">Ecluz\u0103 Rotativ\u0103<\/span><\/h6>\n\n\t\t<\/div>\n\t<\/div>\n<\/div><\/div><\/div><\/div><div class=\"vc_row wpb_row vc_row-fluid vc_custom_1615461302283\"><div class=\"wpb_column vc_column_container vc_col-sm-12 vc_hidden-md vc_hidden-sm vc_hidden-xs\"><div class=\"vc_column-inner vc_custom_1615456716788\"><div class=\"wpb_wrapper\">\n\t<div class=\"wpb_text_column wpb_content_element\" >\n\t\t<div class=\"wpb_wrapper\">\n\t\t\t<h1 style=\"text-align: center;\"><span style=\"color: #3085d3;\"><strong>ECLUZ\u0102 ROTATIV\u0102<\/strong><\/span><\/h1>\n\n\t\t<\/div>\n\t<\/div>\n<\/div><\/div><\/div><\/div><div class=\"vc_row wpb_row vc_row-fluid vc_custom_1615457803005\"><div class=\"wpb_column vc_column_container vc_col-sm-12 vc_hidden-lg\"><div class=\"vc_column-inner vc_custom_1615456739043\"><div class=\"wpb_wrapper\">\n\t<div class=\"wpb_text_column wpb_content_element  vc_custom_1615461401972\" >\n\t\t<div class=\"wpb_wrapper\">\n\t\t\t<h1 style=\"text-align: center;\"><span style=\"color: #3085d3;\"><strong>ECLUZ\u0102 ROTATIV\u0102<\/strong><\/span><\/h1>\n\n\t\t<\/div>\n\t<\/div>\n<\/div><\/div><\/div><\/div><div data-vc-full-width=\"true\" data-vc-full-width-init=\"false\" class=\"vc_row wpb_row vc_row-fluid vc_custom_1615461310362 vc_row-has-fill\"><div class=\"wpb_column vc_column_container vc_col-sm-12\"><div class=\"vc_column-inner vc_custom_1615211464748\"><div class=\"wpb_wrapper\">\n\t<div class=\"wpb_text_column wpb_content_element  vc_custom_1615212197199\" >\n\t\t<div class=\"wpb_wrapper\">\n\t\t\t<p><span style=\"font-weight: 400; color: #000000;\"><strong><span style=\"color: #3085d3;\">Ecluzele rotative<\/span><\/strong> sunt utilizate pe scar\u0103 larg\u0103 \u00een zonele de separare aer &#8211; \u0219i materiale vrac, inclusiv de\u0219euri alimentare, a\u0219chii de lemn, agregate, cereale, furaje pentru animale, cenu\u0219\u0103 de cazan, f\u0103in\u0103, de\u0219euri solide \u0219i multe altele.<\/span><\/p>\n<p><span style=\"font-weight: 400; color: #000000;\"><span style=\"color: #3085d3;\"><strong>Ecluza rotativ\u0103<\/strong><\/span> realizat\u0103 de <span style=\"color: #3085d3;\"><strong>EcoTech<\/strong><\/span> este rezultatul unor \u00eendelungate cercetari tehnologice, av\u00e2nd o bun\u0103 rat\u0103 de izolare \u0219i o bun\u0103 protec\u021bie la blocaje, prin implementarea unui sistem de lame elicoidale.<\/span><\/p>\n<p><span style=\"font-weight: 400; color: #000000;\">Rata de transfer a volumului transportat este propor\u021bional\u0103 cu viteza de rota\u021bie a arborelui. \u00cen aplica\u021biile de control industrial, ecluza rotativ\u0103 este adesea folosit\u0103 ca un alimentator cu rat\u0103 variabil\u0103, variind viteza de rota\u021bie a arborelui pentru a livra o rat\u0103 m\u0103surat\u0103 sau o cantitate de material \u00eentr-un proces.<\/span><\/p>\n<p><span style=\"font-weight: 400; color: #000000;\"><span style=\"color: #3085d3;\"><strong>Ecluza rotativ\u0103<\/strong><\/span> produs\u0103 de <strong><span style=\"color: #3085d3;\">EcoTech<\/span><\/strong> poate fi de lungimi cuprinse \u00eentre 500 &#8211; 1500mm.<\/span><\/p>\n\n\t\t<\/div>\n\t<\/div>\n\n<div class=\"vc_grid-container-wrapper vc_clearfix\">\n\t<div class=\"vc_grid-container vc_clearfix wpb_content_element vc_media_grid\" data-initial-loading-animation=\"fadeIn\" data-vc-grid-settings=\"{&quot;page_id&quot;:2713,&quot;style&quot;:&quot;all&quot;,&quot;action&quot;:&quot;vc_get_vc_grid_data&quot;,&quot;shortcode_id&quot;:&quot;1636628954223-3b70fc49-55c9-4&quot;,&quot;tag&quot;:&quot;vc_media_grid&quot;}\" data-vc-request=\"https:\/\/ecotech.ro\/wp-admin\/admin-ajax.php\" data-vc-post-id=\"2713\" data-vc-public-nonce=\"699960d3f8\">\n\t\t\n\t<\/div>\n<\/div>\n\t<div class=\"wpb_text_column wpb_content_element\" >\n\t\t<div class=\"wpb_wrapper\">\n\t\t\t<div role=\"form\" class=\"wpcf7\" id=\"wpcf7-f206-o1\" lang=\"en-US\" dir=\"ltr\">\n<div class=\"screen-reader-response\"><p role=\"status\" aria-live=\"polite\" aria-atomic=\"true\"><\/p> <ul><\/ul><\/div>\n<form action=\"\/en\/wp-json\/wp\/v2\/pages\/2713#wpcf7-f206-o1\" method=\"post\" class=\"wpcf7-form init\" novalidate=\"novalidate\" data-status=\"init\" data-trp-original-action=\"\/en\/wp-json\/wp\/v2\/pages\/2713#wpcf7-f206-o1\">\n<div style=\"display: none;\">\n<input type=\"hidden\" name=\"_wpcf7\" value=\"206\" \/>\n<input type=\"hidden\" name=\"_wpcf7_version\" value=\"5.5.3\" \/>\n<input type=\"hidden\" name=\"_wpcf7_locale\" value=\"en_US\" \/>\n<input type=\"hidden\" name=\"_wpcf7_unit_tag\" value=\"wpcf7-f206-o1\" \/>\n<input type=\"hidden\" name=\"_wpcf7_container_post\" value=\"0\" \/>\n<input type=\"hidden\" name=\"_wpcf7_posted_data_hash\" value=\"\" \/>\n<input type=\"hidden\" name=\"_wpcf7_recaptcha_response\" value=\"\" \/>\n<\/div>\n<div class=\"zidex-quote zidex-quote-sidebar\">\n<div class=\"col-md-12 col-sm-12 zidex-quote-top\">\n<div class=\"col-md-3 col-xs-3 col-sm-5 zidex-quote-top-icon\">\n   <img decoding=\"async\" src=\"https:\/\/zidex.modeltheme.com\/wp-content\/uploads_dummy_data\/2018\/11\/worker-1.png\" alt=\"worker\">\n  <\/div>\n<div class=\"col-md-9 col-xs-9 col-sm-7 zidex-quote-top-title\">\n<h3>Solicit\u0103 ofert\u0103<\/h3>\n<\/div>\n<\/div>\n<div class=\"col-md-12 zidex-quote-content\">\n<div class=\"col-md-6\">\n      <label><span class=\"wpcf7-form-control-wrap your-name\"><input type=\"text\" name=\"your-name\" value=\"\" size=\"40\" class=\"wpcf7-form-control wpcf7-text wpcf7-validates-as-required\" aria-required=\"true\" aria-invalid=\"false\" placeholder=\"Nume\" \/><\/span><\/label>\n   <\/div>\n<div class=\"col-md-6\">\n      <label><span class=\"wpcf7-form-control-wrap your-surname\"><input type=\"text\" name=\"your-surname\" value=\"\" size=\"40\" class=\"wpcf7-form-control wpcf7-text wpcf7-validates-as-required\" aria-required=\"true\" aria-invalid=\"false\" placeholder=\"Prenume\" \/><\/span><\/label>\n   <\/div>\n<div class=\"col-md-12\">\n      <label><span class=\"wpcf7-form-control-wrap companie\"><input type=\"text\" name=\"companie\" value=\"\" size=\"40\" class=\"wpcf7-form-control wpcf7-text\" aria-invalid=\"false\" placeholder=\"Companie (op\u021bional)\" \/><\/span><\/label>\n   <\/div>\n<div class=\"col-md-6\">\n      <label><span class=\"wpcf7-form-control-wrap email\"><input type=\"email\" name=\"email\" value=\"\" size=\"40\" class=\"wpcf7-form-control wpcf7-text wpcf7-email wpcf7-validates-as-required wpcf7-validates-as-email\" aria-required=\"true\" aria-invalid=\"false\" placeholder=\"Email\" \/><\/span><\/label>\n   <\/div>\n<div class=\"col-md-6\">\n     <label><span class=\"wpcf7-form-control-wrap phone\"><input type=\"tel\" name=\"phone\" value=\"\" size=\"40\" class=\"wpcf7-form-control wpcf7-text wpcf7-tel wpcf7-validates-as-required wpcf7-validates-as-tel\" aria-required=\"true\" aria-invalid=\"false\" placeholder=\"Telefon\" \/><\/span><\/label>\n   <\/div>\n<div class=\"col-md-12\">\n     <label><span class=\"wpcf7-form-control-wrap message\"><textarea name=\"message\" cols=\"40\" rows=\"10\" class=\"wpcf7-form-control wpcf7-textarea wpcf7-validates-as-required\" aria-required=\"true\" aria-invalid=\"false\" placeholder=\"Mesajul dumneavoastr\u0103\"><\/textarea><\/span><\/label>\n   <\/div>\n<div class=\"col-md-12\">\n     <button type=\"submit\" class=\"wpcf7-form-control wpcf7-submit\">Trimite<\/button>\n   <\/div>\n<\/div>\n<\/div>\n<div class=\"wpcf7-response-output\" aria-hidden=\"true\"><\/div><input type=\"hidden\" name=\"trp-form-language\" value=\"en\"\/><\/form><\/div>\n\n\t\t<\/div>\n\t<\/div>\n<\/div><\/div><\/div><\/div><div class=\"vc_row-full-width vc_clearfix\"><\/div>","protected":false},"excerpt":{"rendered":"Home \/\u00a0Produse \/\u00a0Transport, Colectare \u0219i Stocare \/\u00a0Ecluz\u0103 Rotativ\u0103 Home \/\u00a0Produse \/\u00a0Transport, Colectare \u0219i Stocare \/\u00a0Ecluz\u0103 Rotativ\u0103 ECLUZ\u0102 ROTATIV\u0102 ECLUZ\u0102 ROTATIV\u0102 Ecluzele rotative sunt utilizate pe scar\u0103 larg\u0103 \u00een zonele de separare aer - \u0219i materiale vrac, inclusiv de\u0219euri alimentare, a\u0219chii de lemn, agregate, cereale, furaje pentru animale, cenu\u0219\u0103 de cazan, f\u0103in\u0103, de\u0219euri solide \u0219i multe [...]","protected":false},"author":1,"featured_media":3927,"parent":409,"menu_order":0,"comment_status":"closed","ping_status":"closed","template":"","meta":{"footnotes":""},"_links":{"self":[{"href":"https:\/\/ecotech.ro\/en\/wp-json\/wp\/v2\/pages\/2713"}],"collection":[{"href":"https:\/\/ecotech.ro\/en\/wp-json\/wp\/v2\/pages"}],"about":[{"href":"https:\/\/ecotech.ro\/en\/wp-json\/wp\/v2\/types\/page"}],"author":[{"embeddable":true,"href":"https:\/\/ecotech.ro\/en\/wp-json\/wp\/v2\/users\/1"}],"replies":[{"embeddable":true,"href":"https:\/\/ecotech.ro\/en\/wp-json\/wp\/v2\/comments?post=2713"}],"version-history":[{"count":7,"href":"https:\/\/ecotech.ro\/en\/wp-json\/wp\/v2\/pages\/2713\/revisions"}],"predecessor-version":[{"id":4219,"href":"https:\/\/ecotech.ro\/en\/wp-json\/wp\/v2\/pages\/2713\/revisions\/4219"}],"up":[{"embeddable":true,"href":"https:\/\/ecotech.ro\/en\/wp-json\/wp\/v2\/pages\/409"}],"wp:featuredmedia":[{"embeddable":true,"href":"https:\/\/ecotech.ro\/en\/wp-json\/wp\/v2\/media\/3927"}],"wp:attachment":[{"href":"https:\/\/ecotech.ro\/en\/wp-json\/wp\/v2\/media?parent=2713"}],"curies":[{"name":"wp","href":"https:\/\/api.w.org\/{rel}","templated":true}]}}