{"id":331,"date":"2021-03-06T10:53:11","date_gmt":"2021-03-06T08:53:11","guid":{"rendered":"http:\/\/zidex.modeltheme.com\/?page_id=331"},"modified":"2024-03-04T18:55:15","modified_gmt":"2024-03-04T15:55:15","slug":"contact","status":"publish","type":"page","link":"https:\/\/ecotech.ro\/en\/contact\/","title":{"rendered":"Contact"},"content":{"rendered":"<div data-vc-full-width=\"true\" data-vc-full-width-init=\"false\" class=\"vc_row wpb_row vc_row-fluid zidex-contact-page-contact vc_custom_1544110376464 vc_row-has-fill\"><div class=\"wpb_column vc_column_container vc_col-sm-12\"><div class=\"vc_column-inner vc_custom_1543482862966\"><div class=\"wpb_wrapper\"><div class=\"vc_row wpb_row vc_inner vc_row-fluid\"><div class=\"wpb_column vc_column_container vc_col-sm-12\"><div class=\"vc_column-inner\"><div class=\"wpb_wrapper\"><div class=\"title-subtile-holder  animateIn text_left title_subtitle_style_v2 subtitle_right\" data-animate=\"no_animation\"><h1 style=\"color: #74787c;\" class=\"section-title custom_color\">AVE\u021aI NEVOIE DE O SOLU\u021aIE PERSONALIZAT\u0102?<\/h1><div style=\"\" class=\"section-subtitle dark_subtitle\">Ave\u021bi un proiect cu cerin\u021be specifice sau dori\u021bi s\u0103 ne adresa\u021bi o \u00eentrebare? Comunica\u021bi-ne datele dumneavoastr\u0103 \u0219i v\u0103 vom contacta \u00een cel mai scurt timp.<\/div><\/div><\/div><\/div><\/div><\/div><div class=\"vc_row wpb_row vc_inner vc_row-fluid vc_custom_1543420198704\"><div class=\"zidex-contact-page-contact-form wpb_column vc_column_container vc_col-sm-7\"><div class=\"vc_column-inner vc_custom_1544110619108\"><div class=\"wpb_wrapper\">\n\t<div class=\"wpb_text_column wpb_content_element  vc_custom_1543420821250 get_a_quote\" >\n\t\t<div class=\"wpb_wrapper\">\n\t\t\t<div role=\"form\" class=\"wpcf7\" id=\"wpcf7-f5-o1\" lang=\"en-US\" dir=\"ltr\">\n<div class=\"screen-reader-response\"><p role=\"status\" aria-live=\"polite\" aria-atomic=\"true\"><\/p> <ul><\/ul><\/div>\n<form action=\"\/en\/wp-json\/wp\/v2\/pages\/331#wpcf7-f5-o1\" method=\"post\" class=\"wpcf7-form init\" novalidate=\"novalidate\" data-status=\"init\" data-trp-original-action=\"\/en\/wp-json\/wp\/v2\/pages\/331#wpcf7-f5-o1\">\n<div style=\"display: none;\">\n<input type=\"hidden\" name=\"_wpcf7\" value=\"5\" \/>\n<input type=\"hidden\" name=\"_wpcf7_version\" value=\"5.5.3\" \/>\n<input type=\"hidden\" name=\"_wpcf7_locale\" value=\"en_US\" \/>\n<input type=\"hidden\" name=\"_wpcf7_unit_tag\" value=\"wpcf7-f5-o1\" \/>\n<input type=\"hidden\" name=\"_wpcf7_container_post\" value=\"0\" \/>\n<input type=\"hidden\" name=\"_wpcf7_posted_data_hash\" value=\"\" \/>\n<input type=\"hidden\" name=\"_wpcf7_recaptcha_response\" value=\"\" \/>\n<\/div>\n<div class=\"zidex-contact row\">\n<div class=\"col-md-6\">\n<label><span class=\"wpcf7-form-control-wrap first-name\"><input type=\"text\" name=\"first-name\" value=\"\" size=\"40\" class=\"wpcf7-form-control wpcf7-text wpcf7-validates-as-required\" aria-required=\"true\" aria-invalid=\"false\" placeholder=\"Nume\" \/><\/span><\/label>\n<\/div>\n<div class=\"col-md-6\">\n<label><span class=\"wpcf7-form-control-wrap last-name\"><input type=\"text\" name=\"last-name\" value=\"\" size=\"40\" class=\"wpcf7-form-control wpcf7-text wpcf7-validates-as-required\" aria-required=\"true\" aria-invalid=\"false\" placeholder=\"Prenume\" \/><\/span><\/label>\n<\/div>\n<div class=\"col-md-6\">\n<label><span class=\"wpcf7-form-control-wrap company\"><input type=\"text\" name=\"company\" value=\"\" size=\"40\" class=\"wpcf7-form-control wpcf7-text\" aria-invalid=\"false\" placeholder=\"Companie (op\u021bional)\" \/><\/span><\/label>\n<\/div>\n<div class=\"col-md-6\">\n<label><span class=\"wpcf7-form-control-wrap phone\"><input type=\"tel\" name=\"phone\" value=\"\" size=\"40\" class=\"wpcf7-form-control wpcf7-text wpcf7-tel wpcf7-validates-as-required wpcf7-validates-as-tel\" aria-required=\"true\" aria-invalid=\"false\" placeholder=\"Telefon\" \/><\/span><\/label>\n<\/div>\n<div class=\"col-md-6\">\n<label><span class=\"wpcf7-form-control-wrap email\"><input type=\"email\" name=\"email\" value=\"\" size=\"40\" class=\"wpcf7-form-control wpcf7-text wpcf7-email wpcf7-validates-as-required wpcf7-validates-as-email\" aria-required=\"true\" aria-invalid=\"false\" placeholder=\"Email\" \/><\/span><\/label>\n<\/div>\n<div class=\"col-md-12\">\n<label><span class=\"wpcf7-form-control-wrap your-message\"><textarea name=\"your-message\" cols=\"40\" rows=\"10\" class=\"wpcf7-form-control wpcf7-textarea wpcf7-validates-as-required\" aria-required=\"true\" aria-invalid=\"false\" placeholder=\"Mesajul dumneavoastr\u0103\"><\/textarea><\/span><\/label>\n<\/div>\n<div class=\"col-md-12\">\n<button type=\"submit\" class=\"wpcf7-form-control wpcf7-submit\">Trimite<\/button>\n<\/div>\n<\/div>\n<div class=\"wpcf7-response-output\" aria-hidden=\"true\"><\/div><input type=\"hidden\" name=\"trp-form-language\" value=\"en\"\/><\/form><\/div>\n\n\t\t<\/div>\n\t<\/div>\n<\/div><\/div><\/div><div class=\"wpb_column vc_column_container vc_col-sm-5\"><div class=\"vc_column-inner vc_custom_1548167433041\"><div class=\"wpb_wrapper\">\n\t<div class=\"wpb_text_column wpb_content_element  zidex-contact-address\" >\n\t\t<div class=\"wpb_wrapper\">\n\t\t\t<h4 style=\"font-weight: bold; line-height: 28px; color: #151515;\">Adres\u0103 sediu social:<\/h4>\n<p style=\"margin-bottom: 30px;\"><span style=\"color: #333300;\">Str. Ion Neculce 19, cam.2 , Sector 1, Bucure\u0219ti, CP 011255<\/span><\/p>\n<p><strong>Adres\u0103 punct de lucru:<\/strong><\/p>\n<p>Str. Mesteac\u0103nului 6D, T\u0103u\u021bii de Sus, Baia Sprie, Maramure\u0219, CP 435100<\/p>\n<h4 style=\"font-weight: bold; line-height: 28px; color: #151515;\">Email:<\/h4>\n<p>technic@ecotech.ro<\/p>\n<p style=\"margin-bottom: 30px;\"><a href=\"mailto:office@ecotech.com\" target=\"_top\" rel=\"noopener noreferrer\">office@ecotech.ro<\/a><\/p>\n<h4 style=\"font-weight: bold; line-height: 28px; color: #151515;\">Telefon:<\/h4>\n<p><a href=\"tel: 40743337624\">+40 743 337 624<\/a><\/p>\n<p><a href=\"tel: 40743337625\">+40 743 337 630<\/a><\/p>\n\n\t\t<\/div>\n\t<\/div>\n<\/div><\/div><\/div><\/div><\/div><\/div><\/div><\/div><div class=\"vc_row-full-width vc_clearfix\"><\/div><div data-vc-full-width=\"true\" data-vc-full-width-init=\"false\" data-vc-stretch-content=\"true\" class=\"vc_row wpb_row vc_row-fluid vc_custom_1543420107341 vc_row-no-padding\"><div class=\"wpb_column vc_column_container vc_col-sm-12\"><div class=\"vc_column-inner vc_custom_1543419859271\"><div class=\"wpb_wrapper\"><\/div><\/div><\/div><\/div><div class=\"vc_row-full-width vc_clearfix\"><\/div>","protected":false},"excerpt":{"rendered":"AVE\u021aI NEVOIE DE O SOLU\u021aIE PERSONALIZAT\u0102?Ave\u021bi un proiect cu cerin\u021be specifice sau dori\u021bi s\u0103 ne adresa\u021bi o \u00eentrebare? Comunica\u021bi-ne datele dumneavoastr\u0103 \u0219i v\u0103 vom contacta \u00een cel mai scurt timp. Trimite Adres\u0103 sediu social: Str. Ion Neculce 19, cam.2 , Sector 1, Bucure\u0219ti, CP 011255 Adres\u0103 punct de lucru: Str. Mesteac\u0103nului 6D, T\u0103u\u021bii de Sus, [...]","protected":false},"author":1,"featured_media":2318,"parent":0,"menu_order":0,"comment_status":"closed","ping_status":"closed","template":"","meta":{"footnotes":""},"_links":{"self":[{"href":"https:\/\/ecotech.ro\/en\/wp-json\/wp\/v2\/pages\/331"}],"collection":[{"href":"https:\/\/ecotech.ro\/en\/wp-json\/wp\/v2\/pages"}],"about":[{"href":"https:\/\/ecotech.ro\/en\/wp-json\/wp\/v2\/types\/page"}],"author":[{"embeddable":true,"href":"https:\/\/ecotech.ro\/en\/wp-json\/wp\/v2\/users\/1"}],"replies":[{"embeddable":true,"href":"https:\/\/ecotech.ro\/en\/wp-json\/wp\/v2\/comments?post=331"}],"version-history":[{"count":23,"href":"https:\/\/ecotech.ro\/en\/wp-json\/wp\/v2\/pages\/331\/revisions"}],"predecessor-version":[{"id":4381,"href":"https:\/\/ecotech.ro\/en\/wp-json\/wp\/v2\/pages\/331\/revisions\/4381"}],"wp:featuredmedia":[{"embeddable":true,"href":"https:\/\/ecotech.ro\/en\/wp-json\/wp\/v2\/media\/2318"}],"wp:attachment":[{"href":"https:\/\/ecotech.ro\/en\/wp-json\/wp\/v2\/media?parent=331"}],"curies":[{"name":"wp","href":"https:\/\/api.w.org\/{rel}","templated":true}]}}