{"id":3321,"date":"2021-03-10T18:23:49","date_gmt":"2021-03-10T18:23:49","guid":{"rendered":"https:\/\/ecotech.ro\/?page_id=3321"},"modified":"2021-11-11T15:13:07","modified_gmt":"2021-11-11T12:13:07","slug":"ecovent","status":"publish","type":"page","link":"https:\/\/ecotech.ro\/en\/produse\/ventilatoare-industriale-centrifugale-axiale\/ecovent\/","title":{"rendered":"EcoVent"},"content":{"rendered":"<div data-vc-full-width=\"true\" data-vc-full-width-init=\"false\" data-vc-stretch-content=\"true\" class=\"vc_row wpb_row vc_row-fluid vc_custom_1615457478619\"><div class=\"wpb_column vc_column_container vc_col-sm-12 vc_hidden-md vc_hidden-sm vc_hidden-xs\"><div class=\"vc_column-inner\"><div class=\"wpb_wrapper\">\n\t<div class=\"wpb_text_column wpb_content_element\" >\n\t\t<div class=\"wpb_wrapper\">\n\t\t\t<h4 style=\"text-align: left;\"><span style=\"color: #3085d3;\"><a style=\"color: #3085d3;\" href=\"https:\/\/ecotech.ro\/en\/\">Home<\/a><\/span> \/\u00a0<span style=\"color: #3085d3;\"><a style=\"color: #3085d3;\" href=\"https:\/\/ecotech.ro\/en\/produse\/\">Produse<\/a> <\/span>\/\u00a0<span style=\"color: #3085d3;\"><a style=\"color: #3085d3;\" href=\"https:\/\/ecotech.ro\/en\/produse\/ventilatoare\/\">Ventilatoare<\/a> <\/span>\/\u00a0<span style=\"color: #3085d3;\">EcoVent<\/span><\/h4>\n\n\t\t<\/div>\n\t<\/div>\n<\/div><\/div><\/div><\/div><div class=\"vc_row-full-width vc_clearfix\"><\/div><div class=\"vc_row wpb_row vc_row-fluid vc_custom_1615457333861\"><div class=\"wpb_column vc_column_container vc_col-sm-12 vc_hidden-lg\"><div class=\"vc_column-inner vc_custom_1615457525234\"><div class=\"wpb_wrapper\">\n\t<div class=\"wpb_text_column wpb_content_element\" >\n\t\t<div class=\"wpb_wrapper\">\n\t\t\t<h6 style=\"text-align: left;\"><span style=\"color: #3085d3;\"><a style=\"color: #3085d3;\" href=\"https:\/\/ecotech.ro\/en\/\">Home<\/a><\/span> \/\u00a0<span style=\"color: #3085d3;\"><a style=\"color: #3085d3;\" href=\"https:\/\/ecotech.ro\/en\/produse\/\">Produse<\/a> <\/span>\/\u00a0<span style=\"color: #3085d3;\"><a style=\"color: #3085d3;\" href=\"https:\/\/ecotech.ro\/en\/produse\/ventilatoare\/\">Ventilatoare<\/a> <\/span>\/\u00a0<span style=\"color: #3085d3;\">EcoVent<\/span><\/h6>\n\n\t\t<\/div>\n\t<\/div>\n<\/div><\/div><\/div><\/div><div class=\"vc_row wpb_row vc_row-fluid vc_custom_1615459891028\"><div class=\"wpb_column vc_column_container vc_col-sm-12 vc_hidden-md vc_hidden-sm vc_hidden-xs\"><div class=\"vc_column-inner vc_custom_1615456716788\"><div class=\"wpb_wrapper\">\n\t<div class=\"wpb_text_column wpb_content_element\" >\n\t\t<div class=\"wpb_wrapper\">\n\t\t\t<h1 style=\"text-align: center;\"><span style=\"color: #3085d3;\"><strong>EcoVent<\/strong><\/span><\/h1>\n\n\t\t<\/div>\n\t<\/div>\n<\/div><\/div><\/div><\/div><div class=\"vc_row wpb_row vc_row-fluid vc_custom_1615457803005\"><div class=\"wpb_column vc_column_container vc_col-sm-12 vc_hidden-lg\"><div class=\"vc_column-inner vc_custom_1615456739043\"><div class=\"wpb_wrapper\">\n\t<div class=\"wpb_text_column wpb_content_element  vc_custom_1615460046354\" >\n\t\t<div class=\"wpb_wrapper\">\n\t\t\t<h1 style=\"text-align: center;\"><span style=\"color: #3085d3;\"><strong>EcoVent<\/strong><\/span><\/h1>\n\n\t\t<\/div>\n\t<\/div>\n<\/div><\/div><\/div><\/div><div data-vc-full-width=\"true\" data-vc-full-width-init=\"false\" class=\"vc_row wpb_row vc_row-fluid vc_custom_1615459897486 vc_row-has-fill\"><div class=\"wpb_column vc_column_container vc_col-sm-12\"><div class=\"vc_column-inner vc_custom_1615211464748\"><div class=\"wpb_wrapper\">\n\t<div class=\"wpb_text_column wpb_content_element  vc_custom_1615459953388\" >\n\t\t<div class=\"wpb_wrapper\">\n\t\t\t<p><span style=\"color: #3085d3;\"><strong>Sistemul EcoVent<\/strong><\/span> <span style=\"color: #000000;\">este format din ventilatoare independente, care ac\u021bioneaz\u0103 \u00een func\u021bie de debitul necesar exhaust\u0103rii sau reful\u0103rii.<\/span><\/p>\n\n\t\t<\/div>\n\t<\/div>\n\n\t<div class=\"wpb_text_column wpb_content_element  vc_custom_1621859064880\" >\n\t\t<div class=\"wpb_wrapper\">\n\t\t\t<p><span style=\"color: #000000;\">Avantaje:<\/span><\/p>\n<ul type=\"none\">\n<li><span style=\"color: #3085d3;\"><i class=\"fa fa-wrench\" style=\"margin-right: 10px;\"><\/i> <span style=\"color: #000000;\"> Consum energetic redus substan\u021bial;<\/span><\/span><\/li>\n<li><span style=\"color: #3085d3;\"><i class=\"fa fa-wrench\" style=\"margin-right: 10px;\"><\/i> <span style=\"color: #000000;\"> Maxim\u0103 fiabilitate, \u00eentreruperea func\u0163ion\u0103rii unui ventilator &#8211; nu provoac\u0103 oprirea sistemului &#8211; celelalte ventilatoare r\u0103mase \u00een serviciu vor prelua temporar sarcina ventilatorului avariat;<\/span><\/span><\/li>\n<li><span style=\"color: #3085d3;\"><i class=\"fa fa-wrench\" style=\"margin-right: 10px;\"><\/i> <span style=\"color: #000000;\">Viteza de intrare a amestecului aer-particule \u00een ciclon;<\/span><\/span><\/li>\n<li><span style=\"color: #3085d3;\"><i class=\"fa fa-wrench\" style=\"margin-right: 10px;\"><\/i> <span style=\"color: #000000;\"> Ventilatoarele sunt de cel mai ridicat randament, func\u0163ion\u00e2nd pe curba acestora de maxim randament (app. 80%);<\/span><\/span><\/li>\n<li><span style=\"color: #3085d3;\"><i class=\"fa fa-wrench\" style=\"margin-right: 10px;\"><\/i> <span style=\"color: #000000;\"> Ventilatoarele nu intr\u0103 \u00een contact cu a\u015fchiile transportate, astfel c\u0103 durata de serviciu a acestora este mult mai mare;<\/span><\/span><\/li>\n<li><span style=\"color: #3085d3;\"><i class=\"fa fa-wrench\" style=\"margin-right: 10px;\"><\/i> <span style=\"color: #000000;\"> Evit\u0103 func\u021bionarea cu regim variabil al ventolei ventilatoarelor de dimensiuni mari;<\/span><\/span><\/li>\n<\/ul>\n\n\t\t<\/div>\n\t<\/div>\n\n<div class=\"vc_grid-container-wrapper vc_clearfix\">\n\t<div class=\"vc_grid-container vc_clearfix wpb_content_element vc_media_grid\" data-initial-loading-animation=\"fadeIn\" data-vc-grid-settings=\"{&quot;page_id&quot;:3321,&quot;style&quot;:&quot;all&quot;,&quot;action&quot;:&quot;vc_get_vc_grid_data&quot;,&quot;shortcode_id&quot;:&quot;1636632369320-419089ec-c181-3&quot;,&quot;tag&quot;:&quot;vc_media_grid&quot;}\" data-vc-request=\"https:\/\/ecotech.ro\/wp-admin\/admin-ajax.php\" data-vc-post-id=\"3321\" data-vc-public-nonce=\"4ef3bc6656\">\n\t\t\n\t<\/div>\n<\/div>\n\t<div class=\"wpb_text_column wpb_content_element\" >\n\t\t<div class=\"wpb_wrapper\">\n\t\t\t<div role=\"form\" class=\"wpcf7\" id=\"wpcf7-f206-o1\" lang=\"en-US\" dir=\"ltr\">\n<div class=\"screen-reader-response\"><p role=\"status\" aria-live=\"polite\" aria-atomic=\"true\"><\/p> <ul><\/ul><\/div>\n<form action=\"\/en\/wp-json\/wp\/v2\/pages\/3321#wpcf7-f206-o1\" method=\"post\" class=\"wpcf7-form init\" novalidate=\"novalidate\" data-status=\"init\" data-trp-original-action=\"\/en\/wp-json\/wp\/v2\/pages\/3321#wpcf7-f206-o1\">\n<div style=\"display: none;\">\n<input type=\"hidden\" name=\"_wpcf7\" value=\"206\" \/>\n<input type=\"hidden\" name=\"_wpcf7_version\" value=\"5.5.3\" \/>\n<input type=\"hidden\" name=\"_wpcf7_locale\" value=\"en_US\" \/>\n<input type=\"hidden\" name=\"_wpcf7_unit_tag\" value=\"wpcf7-f206-o1\" \/>\n<input type=\"hidden\" name=\"_wpcf7_container_post\" value=\"0\" \/>\n<input type=\"hidden\" name=\"_wpcf7_posted_data_hash\" value=\"\" \/>\n<input type=\"hidden\" name=\"_wpcf7_recaptcha_response\" value=\"\" \/>\n<\/div>\n<div class=\"zidex-quote zidex-quote-sidebar\">\n<div class=\"col-md-12 col-sm-12 zidex-quote-top\">\n<div class=\"col-md-3 col-xs-3 col-sm-5 zidex-quote-top-icon\">\n   <img decoding=\"async\" src=\"https:\/\/zidex.modeltheme.com\/wp-content\/uploads_dummy_data\/2018\/11\/worker-1.png\" alt=\"worker\">\n  <\/div>\n<div class=\"col-md-9 col-xs-9 col-sm-7 zidex-quote-top-title\">\n<h3>Solicit\u0103 ofert\u0103<\/h3>\n<\/div>\n<\/div>\n<div class=\"col-md-12 zidex-quote-content\">\n<div class=\"col-md-6\">\n      <label><span class=\"wpcf7-form-control-wrap your-name\"><input type=\"text\" name=\"your-name\" value=\"\" size=\"40\" class=\"wpcf7-form-control wpcf7-text wpcf7-validates-as-required\" aria-required=\"true\" aria-invalid=\"false\" placeholder=\"Nume\" \/><\/span><\/label>\n   <\/div>\n<div class=\"col-md-6\">\n      <label><span class=\"wpcf7-form-control-wrap your-surname\"><input type=\"text\" name=\"your-surname\" value=\"\" size=\"40\" class=\"wpcf7-form-control wpcf7-text wpcf7-validates-as-required\" aria-required=\"true\" aria-invalid=\"false\" placeholder=\"Prenume\" \/><\/span><\/label>\n   <\/div>\n<div class=\"col-md-12\">\n      <label><span class=\"wpcf7-form-control-wrap companie\"><input type=\"text\" name=\"companie\" value=\"\" size=\"40\" class=\"wpcf7-form-control wpcf7-text\" aria-invalid=\"false\" placeholder=\"Companie (op\u021bional)\" \/><\/span><\/label>\n   <\/div>\n<div class=\"col-md-6\">\n      <label><span class=\"wpcf7-form-control-wrap email\"><input type=\"email\" name=\"email\" value=\"\" size=\"40\" class=\"wpcf7-form-control wpcf7-text wpcf7-email wpcf7-validates-as-required wpcf7-validates-as-email\" aria-required=\"true\" aria-invalid=\"false\" placeholder=\"Email\" \/><\/span><\/label>\n   <\/div>\n<div class=\"col-md-6\">\n     <label><span class=\"wpcf7-form-control-wrap phone\"><input type=\"tel\" name=\"phone\" value=\"\" size=\"40\" class=\"wpcf7-form-control wpcf7-text wpcf7-tel wpcf7-validates-as-required wpcf7-validates-as-tel\" aria-required=\"true\" aria-invalid=\"false\" placeholder=\"Telefon\" \/><\/span><\/label>\n   <\/div>\n<div class=\"col-md-12\">\n     <label><span class=\"wpcf7-form-control-wrap message\"><textarea name=\"message\" cols=\"40\" rows=\"10\" class=\"wpcf7-form-control wpcf7-textarea wpcf7-validates-as-required\" aria-required=\"true\" aria-invalid=\"false\" placeholder=\"Mesajul dumneavoastr\u0103\"><\/textarea><\/span><\/label>\n   <\/div>\n<div class=\"col-md-12\">\n     <button type=\"submit\" class=\"wpcf7-form-control wpcf7-submit\">Trimite<\/button>\n   <\/div>\n<\/div>\n<\/div>\n<div class=\"wpcf7-response-output\" aria-hidden=\"true\"><\/div><input type=\"hidden\" name=\"trp-form-language\" value=\"en\"\/><\/form><\/div>\n\n\t\t<\/div>\n\t<\/div>\n<\/div><\/div><\/div><\/div><div class=\"vc_row-full-width vc_clearfix\"><\/div>","protected":false},"excerpt":{"rendered":"Home \/\u00a0Produse \/\u00a0Ventilatoare \/\u00a0EcoVent Home \/\u00a0Produse \/\u00a0Ventilatoare \/\u00a0EcoVent EcoVent EcoVent Sistemul EcoVent este format din ventilatoare independente, care ac\u021bioneaz\u0103 \u00een func\u021bie de debitul necesar exhaust\u0103rii sau reful\u0103rii. Avantaje: Consum energetic redus substan\u021bial; Maxim\u0103 fiabilitate, \u00eentreruperea func\u0163ion\u0103rii unui ventilator - nu provoac\u0103 oprirea sistemului - celelalte ventilatoare r\u0103mase \u00een serviciu vor prelua temporar sarcina ventilatorului avariat; [...]","protected":false},"author":1,"featured_media":3993,"parent":413,"menu_order":0,"comment_status":"closed","ping_status":"closed","template":"","meta":{"footnotes":""},"_links":{"self":[{"href":"https:\/\/ecotech.ro\/en\/wp-json\/wp\/v2\/pages\/3321"}],"collection":[{"href":"https:\/\/ecotech.ro\/en\/wp-json\/wp\/v2\/pages"}],"about":[{"href":"https:\/\/ecotech.ro\/en\/wp-json\/wp\/v2\/types\/page"}],"author":[{"embeddable":true,"href":"https:\/\/ecotech.ro\/en\/wp-json\/wp\/v2\/users\/1"}],"replies":[{"embeddable":true,"href":"https:\/\/ecotech.ro\/en\/wp-json\/wp\/v2\/comments?post=3321"}],"version-history":[{"count":9,"href":"https:\/\/ecotech.ro\/en\/wp-json\/wp\/v2\/pages\/3321\/revisions"}],"predecessor-version":[{"id":4240,"href":"https:\/\/ecotech.ro\/en\/wp-json\/wp\/v2\/pages\/3321\/revisions\/4240"}],"up":[{"embeddable":true,"href":"https:\/\/ecotech.ro\/en\/wp-json\/wp\/v2\/pages\/413"}],"wp:featuredmedia":[{"embeddable":true,"href":"https:\/\/ecotech.ro\/en\/wp-json\/wp\/v2\/media\/3993"}],"wp:attachment":[{"href":"https:\/\/ecotech.ro\/en\/wp-json\/wp\/v2\/media?parent=3321"}],"curies":[{"name":"wp","href":"https:\/\/api.w.org\/{rel}","templated":true}]}}