{"id":333,"date":"2021-03-07T10:53:23","date_gmt":"2021-03-07T08:53:23","guid":{"rendered":"http:\/\/zidex.modeltheme.com\/?page_id=333"},"modified":"2024-01-20T23:31:33","modified_gmt":"2024-01-20T20:31:33","slug":"despre-noi","status":"publish","type":"page","link":"https:\/\/ecotech.ro\/en\/despre-noi\/","title":{"rendered":"Despre Noi"},"content":{"rendered":"<div data-vc-full-width=\"true\" data-vc-full-width-init=\"false\" data-vc-stretch-content=\"true\" class=\"vc_row wpb_row vc_row-fluid vc_custom_1615470375786\"><div class=\"wpb_column vc_column_container vc_col-sm-12 vc_hidden-md vc_hidden-sm vc_hidden-xs\"><div class=\"vc_column-inner vc_custom_1615470177963\"><div class=\"wpb_wrapper\">\n\t<div class=\"wpb_text_column wpb_content_element\" >\n\t\t<div class=\"wpb_wrapper\">\n\t\t\t<h4 style=\"text-align: left;\"><span style=\"color: #3085d3;\"><a style=\"color: #3085d3;\" href=\"https:\/\/ecotech.ro\/en\/\">Home<\/a><\/span> \/\u00a0<span style=\"color: #3085d3;\">Despre Noi<\/span><\/h4>\n\n\t\t<\/div>\n\t<\/div>\n<\/div><\/div><\/div><\/div><div class=\"vc_row-full-width vc_clearfix\"><\/div><div data-vc-full-width=\"true\" data-vc-full-width-init=\"false\" data-vc-stretch-content=\"true\" class=\"vc_row wpb_row vc_row-fluid vc_custom_1615470427319\"><div class=\"wpb_column vc_column_container vc_col-sm-12 vc_hidden-lg\"><div class=\"vc_column-inner vc_custom_1615470239098\"><div class=\"wpb_wrapper\">\n\t<div class=\"wpb_text_column wpb_content_element\" >\n\t\t<div class=\"wpb_wrapper\">\n\t\t\t<h5 style=\"text-align: left;\"><span style=\"color: #3085d3;\"><a style=\"color: #3085d3;\" href=\"https:\/\/ecotech.ro\/en\/\">Home<\/a><\/span> \/\u00a0<span style=\"color: #3085d3;\">Despre Noi<\/span><\/h5>\n\n\t\t<\/div>\n\t<\/div>\n<\/div><\/div><\/div><\/div><div class=\"vc_row-full-width vc_clearfix\"><\/div><div class=\"vc_row wpb_row vc_row-fluid vc_custom_1615470460650\"><div class=\"wpb_column vc_column_container vc_col-sm-12\"><div class=\"vc_column-inner\"><div class=\"wpb_wrapper\"><div class=\"vc_tta-container\" data-vc-action=\"collapse\"><div class=\"vc_general vc_tta vc_tta-tabs vc_tta-color-sky vc_tta-style-classic vc_tta-shape-round vc_tta-spacing-1 vc_tta-has-pagination vc_tta-tabs-position-left vc_tta-controls-align-left vc_tta-controls-size-sm\"><div class=\"vc_tta-tabs-container\"><ul class=\"vc_tta-tabs-list\"><li class=\"vc_tta-tab vc_active\" data-vc-tab><a href=\"#et-2\" data-vc-tabs data-vc-container=\".vc_tta\"><span class=\"vc_tta-title-text\">Despre Noi<\/span><\/a><\/li><li class=\"vc_tta-tab\" data-vc-tab><a href=\"#et-1\" data-vc-tabs data-vc-container=\".vc_tta\"><span class=\"vc_tta-title-text\">Misiunea EcoTech<\/span><\/a><\/li><li class=\"vc_tta-tab\" data-vc-tab><a href=\"#et-3\" data-vc-tabs data-vc-container=\".vc_tta\"><span class=\"vc_tta-title-text\">De ce AER?<\/span><\/a><\/li><li class=\"vc_tta-tab\" data-vc-tab><a href=\"#1615808209870-31288147-dee2\" data-vc-tabs data-vc-container=\".vc_tta\"><span class=\"vc_tta-title-text\">Certific\u0103ri<\/span><\/a><\/li><li class=\"vc_tta-tab\" data-vc-tab><a href=\"#1615808228579-8c00d961-50f1\" data-vc-tabs data-vc-container=\".vc_tta\"><span class=\"vc_tta-title-text\">Premii<\/span><\/a><\/li><\/ul><\/div><div class=\"vc_tta-panels-container\"><div class=\"vc_tta-panels\"><div class=\"vc_tta-panel vc_active\" id=\"et-2\" data-vc-content=\".vc_tta-panel-body\"><div class=\"vc_tta-panel-heading\"><h4 class=\"vc_tta-panel-title\"><a href=\"#et-2\" data-vc-accordion data-vc-container=\".vc_tta-container\"><span class=\"vc_tta-title-text\">Despre Noi<\/span><\/a><\/h4><\/div><div class=\"vc_tta-panel-body\"><div class=\"vc_row wpb_row vc_inner vc_row-fluid\"><div class=\"wpb_column vc_column_container vc_col-sm-12\"><div class=\"vc_column-inner\"><div class=\"wpb_wrapper\"><div class=\"title-subtile-holder  animateIn text_center title_subtitle_style_v2 subtitle_right\" data-animate=\"no_animation\"><h1 style=\"color: #3085d3;\" class=\"section-title custom_color\">EcoTech s\u0103rb\u0103tore\u0219te 20 de ani \u00een 2021<\/h1><\/div>\n\t<div class=\"wpb_text_column wpb_content_element  vc_custom_1705782657885\" >\n\t\t<div class=\"wpb_wrapper\">\n\t\t\t<p><strong><span style=\"color: #3085d3;\">Aerul!<\/span><\/strong> <span style=\"color: #000000;\">Cea mai important\u0103 resurs\u0103 a vie\u021bii, este centrul aten\u021biei noastre de peste 20 ani.<\/span><\/p>\n<p><span style=\"color: #000000;\">\u00cenc\u0103 de la \u00eenceput, ideea de afaceri a fost lupta \u00eempotriva polu\u0103rii industriale pentru crearea unui <strong><span style=\"color: #3085d3;\">Aer Curat<\/span><\/strong>!<\/span><\/p>\n<p>&nbsp;<\/p>\n<p><span style=\"color: #000000;\">Ast\u0103zi, mediul \u00eenconjur\u0103tor \u0219i aerul copiilor no\u0219trii sunt mai importante ca niciodat\u0103.<\/span><\/p>\n<p><span style=\"color: #000000;\">Cererile sunt \u00een cre\u0219tere pentru a contribui activ la o produc\u021bie mai eficient\u0103 \u0219i la reducerea emisiilor generate \u00een procesele de produc\u021bie industrial\u0103.<\/span><\/p>\n<p><span style=\"color: #000000;\">Urm\u0103toarea genera\u021bie de solu\u021bii pentru de aer curat este \u00een curs de dezvoltare \u0219i <span style=\"color: #3085d3;\"><strong>EcoTech<\/strong><\/span> este \u00een fruntea acestei dezvolt\u0103ri.<\/span><\/p>\n<p>&nbsp;<\/p>\n<ul>\n<li aria-level=\"1\"><span style=\"color: #000000;\">Echipamente de filtrare cu <a href=\"https:\/\/ecotech.ro\/en\/produse\/echipamente-filtrare-centralizata\/filtru-cartuse\/\">cartu\u0219e<\/a> sau <a href=\"https:\/\/ecotech.ro\/en\/produse\/echipamente-filtrare-centralizata\/filtre-saci\/\">saci filtran\u021bi<\/a><\/span><\/li>\n<li aria-level=\"1\"><span style=\"color: #000000;\">Purificator de aer <span style=\"color: #3085d3;\"><strong>PandAir<\/strong><\/span>,\u00a0 produs inovativ brevetat<\/span><\/li>\n<li aria-level=\"1\"><span style=\"color: #000000;\"><a href=\"https:\/\/ecotech.ro\/en\/produse\/echipamente-filtrare-centralizata\/ciclon\/\">Ciclon<\/a> pentru separare iner\u021bial\u0103, produs inovativ brevetat<\/span><\/li>\n<li aria-level=\"1\"><span style=\"color: #000000;\"><a href=\"https:\/\/ecotech.ro\/en\/produse\/echipamente-filtrare-locala\/panou-filtrant\/\">Panouri filtrante<\/a> \u0219i <a href=\"https:\/\/ecotech.ro\/en\/produse\/echipamente-filtrare-locala\/masa-slefuit\/\">mese de \u0219lefuit<\/a>, cu filtre integrate \u0219i debit variabil<\/span><\/li>\n<li aria-level=\"1\"><span style=\"color: #000000;\"><a href=\"https:\/\/ecotech.ro\/en\/produse\/ventilatoare\/ventilator-membrana-corugata\/\">Ventilatoare speciale<\/a> de transport cu mare rezisten\u021b\u0103 la abraziune<\/span><\/li>\n<li aria-level=\"1\"><span style=\"color: #000000;\"><a href=\"https:\/\/ecotech.ro\/en\/produse\/componente-traseu-aeraulic\/\">Tubulatur\u0103<\/a> sudat\u0103 cu plasm\u0103 cu mare eficien\u021b\u0103 \u0219i etan\u0219eitate<\/span><\/li>\n<\/ul>\n\n\t\t<\/div>\n\t<\/div>\n<\/div><\/div><\/div><\/div><\/div><\/div><div class=\"vc_tta-panel\" id=\"et-1\" data-vc-content=\".vc_tta-panel-body\"><div class=\"vc_tta-panel-heading\"><h4 class=\"vc_tta-panel-title\"><a href=\"#et-1\" data-vc-accordion data-vc-container=\".vc_tta-container\"><span class=\"vc_tta-title-text\">Misiunea EcoTech<\/span><\/a><\/h4><\/div><div class=\"vc_tta-panel-body\"><div class=\"vc_row wpb_row vc_inner vc_row-fluid\"><div class=\"wpb_column vc_column_container vc_col-sm-12\"><div class=\"vc_column-inner\"><div class=\"wpb_wrapper\"><div class=\"title-subtile-holder  animateIn text_center title_subtitle_style_v2 subtitle_right\" data-animate=\"no_animation\"><h1 style=\"color: #3085d3;\" class=\"section-title custom_color\">Obiectivul EcoTech - Din dragoste pentru Aer!<\/h1><\/div>\n\t<div class=\"wpb_text_column wpb_content_element  vc_custom_1615810657240\" >\n\t\t<div class=\"wpb_wrapper\">\n\t\t\t<p style=\"text-align: left;\">Obiectivul EcoTech este de a proteja oamenii \u0219i planeta de emisiile nocive rezultate \u00een urma proceselor industriale.<\/p>\n\n\t\t<\/div>\n\t<\/div>\n<\/div><\/div><\/div><\/div><div class=\"vc_row wpb_row vc_inner vc_row-fluid vc_custom_1614852913551\"><div class=\"wpb_column vc_column_container vc_col-sm-12\"><div class=\"vc_column-inner\"><div class=\"wpb_wrapper\">\n\t<div class=\"wpb_text_column wpb_content_element\" >\n\t\t<div class=\"wpb_wrapper\">\n\t\t\t<h1><span style=\"color: #3085d3;\"><strong>DE CE AER?<\/strong><\/span><\/h1>\n<p><span style=\"font-weight: 400;\">SUPRAVIE\u021aUIM:\u00a0<\/span><\/p>\n<ul>\n<li><span style=\"font-weight: 400; color: #000000;\">3 s\u0103pt\u0103mani f\u0103r\u0103 HRAN\u0102<\/span><\/li>\n<li><span style=\"font-weight: 400; color: #000000;\">3 zile f\u0103r\u0103 AP\u0102<\/span><\/li>\n<li><span style=\"font-weight: 400; color: #000000;\">DOAR 3 minute f\u0103r\u0103 <span style=\"color: #3085d3;\"><strong>AER<\/strong><\/span><\/span><\/li>\n<\/ul>\n<p>&nbsp;<\/p>\n<p><span style=\"font-weight: 400;\">A\u0219a cum ne \u00eengrijim de ce manc\u0103m \u0219i de ce bem, calitatea aerului trebuie s\u0103 fie prioritatea noastr\u0103!<\/span><\/p>\n\n\t\t<\/div>\n\t<\/div>\n<\/div><\/div><\/div><\/div><\/div><\/div><div class=\"vc_tta-panel\" id=\"et-3\" data-vc-content=\".vc_tta-panel-body\"><div class=\"vc_tta-panel-heading\"><h4 class=\"vc_tta-panel-title\"><a href=\"#et-3\" data-vc-accordion data-vc-container=\".vc_tta-container\"><span class=\"vc_tta-title-text\">De ce AER?<\/span><\/a><\/h4><\/div><div class=\"vc_tta-panel-body\"><div class=\"vc_row wpb_row vc_inner vc_row-fluid\"><div class=\"wpb_column vc_column_container vc_col-sm-12\"><div class=\"vc_column-inner\"><div class=\"wpb_wrapper\"><div class=\"title-subtile-holder  animateIn text_center title_subtitle_style_v2 subtitle_right\" data-animate=\"no_animation\"><h1 style=\"color: #3085d3;\" class=\"section-title custom_color\">Impactul inteprinderilor asupra mediului este important pentru noi<\/h1><\/div>\n\t<div class=\"wpb_text_column wpb_content_element  vc_custom_1615971857319\" >\n\t\t<div class=\"wpb_wrapper\">\n\t\t\t<p><span style=\"font-weight: 400; color: #000000;\">The Health Effects Institute estimeaz\u0103 c\u0103 mai mult de 90% din popula\u021bia lumii tr\u0103ie\u0219te \u00een zone \u00een care poluarea aerului dep\u0103\u0219e\u0219te estim\u0103rile Organizatiei Mondiale a Sanatatii (OMS) pentru un aer s\u0103n\u0103tos. \u00a0 <\/span><\/p>\n<p><span style=\"font-weight: 400; color: #000000;\">Particulele microscopice din aer, numite PM2.5, sunt cel mai relevant indicator.<\/span><\/p>\n<p><span style=\"font-weight: 400; color: #000000;\">Activitatea industrial\u0103 genereaz\u0103 o gam\u0103 larg\u0103 de particule \u0219i este una dintre cele mai importante cauze ale polu\u0103rii.<\/span><\/p>\n<p><span style=\"font-weight: 400; color: #000000;\">Procesul specific de produc\u021bie are emisii diferite de poluan\u021bi tulbur\u0103tori care nu pot fi trata\u021bi cu solu\u021bii universale.<\/span><\/p>\n<p><span style=\"font-weight: 400; color: #000000;\">Particulele sunt principalul nostru domeniu de expertiz\u0103.<\/span><\/p>\n<p><span style=\"font-weight: 400; color: #000000;\">Datorit\u0103 unei game largi de aplica\u021bii executate \u0219i experien\u021bei \u00eendelungate, <span style=\"color: #3085d3;\"><strong>EcoTech<\/strong><\/span> selecteaz\u0103 dintr-o mare categorie de echipamente, oferind clien\u021bilor solu\u021bii adaptate fiec\u0103rei aplica\u021bii.<\/span><\/p>\n<p><span style=\"font-weight: 400; color: #000000;\">Suntem speciali\u0219ti \u00een solu\u021bii pentru filtrarea COV-urilor (Compu\u0219i Organici Volatili), fum, gaze, vapori \u0219i particule.<\/span><\/p>\n<p><span style=\"font-weight: 400; color: #000000;\">Aerul este cea mai important\u0103 resurs\u0103 a vie\u021bii. Protec\u021bia sa constituie obiectiv principal al \u021b\u0103rilor dezvoltate, iar cerin\u021bele impuse produc\u0103torilor industriali sau agricoli, sunt tot mai restrictive.<\/span><\/p>\n<p><span style=\"font-weight: 400; color: #000000;\">\u00cen acest context, aten\u021bia <span style=\"color: #3085d3;\"><strong>EcoTech<\/strong><\/span> este concentrat\u0103 pe solu\u021bii de protec\u021bie a mediului care au valoare \u0219i \u00een viitor.<\/span><\/p>\n\n\t\t<\/div>\n\t<\/div>\n<\/div><\/div><\/div><\/div><\/div><\/div><div class=\"vc_tta-panel\" id=\"1615808209870-31288147-dee2\" data-vc-content=\".vc_tta-panel-body\"><div class=\"vc_tta-panel-heading\"><h4 class=\"vc_tta-panel-title\"><a href=\"#1615808209870-31288147-dee2\" data-vc-accordion data-vc-container=\".vc_tta-container\"><span class=\"vc_tta-title-text\">Certific\u0103ri<\/span><\/a><\/h4><\/div><div class=\"vc_tta-panel-body\"><div class=\"wpb_gallery wpb_content_element vc_clearfix\" ><div class=\"wpb_wrapper\"><div class=\"wpb_gallery_slides wpb_image_grid\" data-interval=\"3\"><ul class=\"wpb_image_grid_ul\"><li class=\"isotope-item\"><a class=\"\" href=\"https:\/\/ecotech.ro\/wp-content\/uploads\/2021\/03\/Certificat-NATO.png\" data-lightbox=\"lightbox[rel-333-3184563602]\"><img fetchpriority=\"high\" decoding=\"async\" width=\"300\" height=\"275\" src=\"https:\/\/ecotech.ro\/wp-content\/uploads\/2021\/03\/Certificat-NATO-300x275.png\" class=\"attachment-medium\" alt=\"\" srcset=\"https:\/\/ecotech.ro\/wp-content\/uploads\/2021\/03\/Certificat-NATO-300x275.png 300w, https:\/\/ecotech.ro\/wp-content\/uploads\/2021\/03\/Certificat-NATO-768x704.png 768w, https:\/\/ecotech.ro\/wp-content\/uploads\/2021\/03\/Certificat-NATO-600x550.png 600w, https:\/\/ecotech.ro\/wp-content\/uploads\/2021\/03\/Certificat-NATO.png 929w\" sizes=\"(max-width: 300px) 100vw, 300px\" \/><\/a><\/li><li class=\"isotope-item\"><a class=\"\" href=\"https:\/\/ecotech.ro\/wp-content\/uploads\/2021\/03\/logo-TUV.jpg\" data-lightbox=\"lightbox[rel-333-3184563602]\"><img decoding=\"async\" width=\"300\" height=\"300\" src=\"https:\/\/ecotech.ro\/wp-content\/uploads\/2021\/03\/logo-TUV-300x300.jpg\" class=\"attachment-medium\" alt=\"\" srcset=\"https:\/\/ecotech.ro\/wp-content\/uploads\/2021\/03\/logo-TUV-300x300.jpg 300w, https:\/\/ecotech.ro\/wp-content\/uploads\/2021\/03\/logo-TUV-150x150.jpg 150w, https:\/\/ecotech.ro\/wp-content\/uploads\/2021\/03\/logo-TUV-100x100.jpg 100w, https:\/\/ecotech.ro\/wp-content\/uploads\/2021\/03\/logo-TUV.jpg 556w\" sizes=\"(max-width: 300px) 100vw, 300px\" \/><\/a><\/li><\/ul><\/div><\/div><\/div><\/div><\/div><div class=\"vc_tta-panel\" id=\"1615808228579-8c00d961-50f1\" data-vc-content=\".vc_tta-panel-body\"><div class=\"vc_tta-panel-heading\"><h4 class=\"vc_tta-panel-title\"><a href=\"#1615808228579-8c00d961-50f1\" data-vc-accordion data-vc-container=\".vc_tta-container\"><span class=\"vc_tta-title-text\">Premii<\/span><\/a><\/h4><\/div><div class=\"vc_tta-panel-body\">\n\t<div class=\"wpb_text_column wpb_content_element\" >\n\t\t<div class=\"wpb_wrapper\">\n\t\t\t<p>EcoTech \u00eempreun\u0103 cu Schuko &#8211; Germania au primit locul 3 \u00een Categoria III: Tehnici de reducere, tratare \u0219i separare a emisiilor cu o nou\u0103 idee de sistem de extrac\u021bie ARS.<\/p>\n<p>Din 2009, Ministerul Mediului, Climei \u0219i Energiei din Baden-W\u00fcrttemberg \u2013 Germania, acord\u0103 premiul pentru tehnologia mediului la fiecare doi ani pentru produse inovatoare \u0219i remarcabile \u00een tehnologia mediului. Premiul este acordat produselor care aduc o contribu\u021bie semnificativ\u0103 la eficien\u021ba resurselor \u0219i la protec\u021bia mediului \u0219i care urmeaz\u0103 s\u0103 fie lansate pe pia\u021b\u0103 sau care sunt pe pia\u021b\u0103 de cel mult doi ani.<\/p>\n<p>Sistemul de extrac\u021bie ARS folose\u0219te o nou\u0103 tehnic\u0103 de exhaustare prin combinarea sufl\u0103rii \u0219i extrac\u021biei aerului. Duzele reglabile sufl\u0103 aerul \u00eentr-un mod \u021bintit spre zona de a\u0219chiere, \u0219lefuire, t\u0103iere duc\u00e2nd la m\u0103rirea eficien\u021bei de extragere a a\u0219chiilor \u0219i prafului fin . Debitul de aer care sufl\u0103 are un efect de antrenare de 30 de ori mai mare dec\u00e2t cel de aspira\u021bie. Cu acest sistem, se colecteaz\u0103 mult mai multe a\u0219chii \u0219i praf, iar emisiile de praf la locul de munc\u0103 \u0219i cerin\u021bele de energie sunt reduse semnificativ. &#8222;Oportunit\u0103\u021bile de pia\u021b\u0103 pentru sistemul de extrac\u021bie sunt considerabile, deoarece sistemul este prima solu\u021bie cu adev\u0103rat func\u021bional\u0103 \u0219i universal aplicabil\u0103 pentru prelucrarea cu cinci axe.&#8221; Conform speciali\u0219tilor Fraunhofer Institute din Stutgart &#8211; parteneri la testarea brevetului ob\u021binut \u00een 2011<\/p>\n\n\t\t<\/div>\n\t<\/div>\n<div class=\"wpb_gallery wpb_content_element vc_clearfix\" ><div class=\"wpb_wrapper\"><div class=\"wpb_gallery_slides wpb_image_grid\" data-interval=\"3\"><ul class=\"wpb_image_grid_ul\"><li class=\"isotope-item\"><a class=\"\" href=\"https:\/\/ecotech.ro\/wp-content\/uploads\/2021\/03\/Stuttgard-1024x576.jpg\" data-lightbox=\"lightbox[rel-333-2114402841]\"><img decoding=\"async\" width=\"300\" height=\"169\" src=\"https:\/\/ecotech.ro\/wp-content\/uploads\/2021\/03\/Stuttgard-300x169.jpg\" class=\"attachment-medium\" alt=\"\" srcset=\"https:\/\/ecotech.ro\/wp-content\/uploads\/2021\/03\/Stuttgard-300x169.jpg 300w, https:\/\/ecotech.ro\/wp-content\/uploads\/2021\/03\/Stuttgard-1024x576.jpg 1024w, https:\/\/ecotech.ro\/wp-content\/uploads\/2021\/03\/Stuttgard-768x432.jpg 768w, https:\/\/ecotech.ro\/wp-content\/uploads\/2021\/03\/Stuttgard-1250x700.jpg 1250w, https:\/\/ecotech.ro\/wp-content\/uploads\/2021\/03\/Stuttgard-1536x864.jpg 1536w, https:\/\/ecotech.ro\/wp-content\/uploads\/2021\/03\/Stuttgard-16x9.jpg 16w, https:\/\/ecotech.ro\/wp-content\/uploads\/2021\/03\/Stuttgard-600x338.jpg 600w, https:\/\/ecotech.ro\/wp-content\/uploads\/2021\/03\/Stuttgard.jpg 1920w\" sizes=\"(max-width: 300px) 100vw, 300px\" \/><\/a><\/li><li class=\"isotope-item\"><a class=\"\" href=\"https:\/\/ecotech.ro\/wp-content\/uploads\/2021\/03\/Stuttgard2-1024x576.jpg\" data-lightbox=\"lightbox[rel-333-2114402841]\"><img loading=\"lazy\" decoding=\"async\" width=\"300\" height=\"169\" src=\"https:\/\/ecotech.ro\/wp-content\/uploads\/2021\/03\/Stuttgard2-300x169.jpg\" class=\"attachment-medium\" alt=\"\" srcset=\"https:\/\/ecotech.ro\/wp-content\/uploads\/2021\/03\/Stuttgard2-300x169.jpg 300w, https:\/\/ecotech.ro\/wp-content\/uploads\/2021\/03\/Stuttgard2-1024x576.jpg 1024w, https:\/\/ecotech.ro\/wp-content\/uploads\/2021\/03\/Stuttgard2-768x432.jpg 768w, https:\/\/ecotech.ro\/wp-content\/uploads\/2021\/03\/Stuttgard2-1250x700.jpg 1250w, https:\/\/ecotech.ro\/wp-content\/uploads\/2021\/03\/Stuttgard2-1536x864.jpg 1536w, https:\/\/ecotech.ro\/wp-content\/uploads\/2021\/03\/Stuttgard2-16x9.jpg 16w, https:\/\/ecotech.ro\/wp-content\/uploads\/2021\/03\/Stuttgard2-600x338.jpg 600w, https:\/\/ecotech.ro\/wp-content\/uploads\/2021\/03\/Stuttgard2.jpg 1920w\" sizes=\"(max-width: 300px) 100vw, 300px\" \/><\/a><\/li><\/ul><\/div><\/div><\/div><\/div><\/div><\/div><ul class=\"vc_general vc_pagination vc_pagination-style-outline vc_pagination-shape-round vc_pagination-color-sky\"><li class=\"vc_pagination-item vc_active\" data-vc-tab><a href=\"#et-2\" class=\"vc_pagination-trigger\" data-vc-tabs data-vc-container=\".vc_tta\"><\/a><\/li><li class=\"vc_pagination-item\" data-vc-tab><a href=\"#et-1\" class=\"vc_pagination-trigger\" data-vc-tabs data-vc-container=\".vc_tta\"><\/a><\/li><li class=\"vc_pagination-item\" data-vc-tab><a href=\"#et-3\" class=\"vc_pagination-trigger\" data-vc-tabs data-vc-container=\".vc_tta\"><\/a><\/li><li class=\"vc_pagination-item\" data-vc-tab><a href=\"#1615808209870-31288147-dee2\" class=\"vc_pagination-trigger\" data-vc-tabs data-vc-container=\".vc_tta\"><\/a><\/li><li class=\"vc_pagination-item\" data-vc-tab><a href=\"#1615808228579-8c00d961-50f1\" class=\"vc_pagination-trigger\" data-vc-tabs data-vc-container=\".vc_tta\"><\/a><\/li><\/ul><\/div><\/div><\/div>\n\t<div  class=\"wpb_single_image wpb_content_element vc_align_center\">\n\t\t\n\t\t<figure class=\"wpb_wrapper vc_figure\">\n\t\t\t<a class=\"\" data-lightbox=\"lightbox[rel-333-2769719364]\" href=\"https:\/\/ecotech.ro\/wp-content\/uploads\/2021\/03\/banner_clienti_2-1024x217.jpg\" target=\"_self\"><img loading=\"lazy\" decoding=\"async\" width=\"1920\" height=\"406\" src=\"https:\/\/ecotech.ro\/wp-content\/uploads\/2021\/03\/banner_clienti_2.jpg\" class=\"vc_single_image-img attachment-full\" alt=\"\" srcset=\"https:\/\/ecotech.ro\/wp-content\/uploads\/2021\/03\/banner_clienti_2.jpg 1920w, https:\/\/ecotech.ro\/wp-content\/uploads\/2021\/03\/banner_clienti_2-300x63.jpg 300w, https:\/\/ecotech.ro\/wp-content\/uploads\/2021\/03\/banner_clienti_2-1024x217.jpg 1024w, https:\/\/ecotech.ro\/wp-content\/uploads\/2021\/03\/banner_clienti_2-768x162.jpg 768w, https:\/\/ecotech.ro\/wp-content\/uploads\/2021\/03\/banner_clienti_2-1536x325.jpg 1536w, https:\/\/ecotech.ro\/wp-content\/uploads\/2021\/03\/banner_clienti_2-16x3.jpg 16w, https:\/\/ecotech.ro\/wp-content\/uploads\/2021\/03\/banner_clienti_2-600x127.jpg 600w\" sizes=\"(max-width: 1920px) 100vw, 1920px\" \/><\/a>\n\t\t<\/figure>\n\t<\/div>\n<\/div><\/div><\/div><\/div>","protected":false},"excerpt":{"rendered":"Home \/\u00a0Despre Noi Home \/\u00a0Despre Noi Despre NoiMisiunea EcoTechDe ce AER?Certific\u0103riPremiiDespre NoiEcoTech s\u0103rb\u0103tore\u0219te 20 de ani \u00een 2021 Aerul! Cea mai important\u0103 resurs\u0103 a vie\u021bii, este centrul aten\u021biei noastre de peste 20 ani. \u00cenc\u0103 de la \u00eenceput, ideea de afaceri a fost lupta \u00eempotriva polu\u0103rii industriale pentru crearea unui Aer Curat! &nbsp; Ast\u0103zi, mediul \u00eenconjur\u0103tor [...]","protected":false},"author":1,"featured_media":2318,"parent":0,"menu_order":0,"comment_status":"closed","ping_status":"closed","template":"","meta":{"footnotes":""},"_links":{"self":[{"href":"https:\/\/ecotech.ro\/en\/wp-json\/wp\/v2\/pages\/333"}],"collection":[{"href":"https:\/\/ecotech.ro\/en\/wp-json\/wp\/v2\/pages"}],"about":[{"href":"https:\/\/ecotech.ro\/en\/wp-json\/wp\/v2\/types\/page"}],"author":[{"embeddable":true,"href":"https:\/\/ecotech.ro\/en\/wp-json\/wp\/v2\/users\/1"}],"replies":[{"embeddable":true,"href":"https:\/\/ecotech.ro\/en\/wp-json\/wp\/v2\/comments?post=333"}],"version-history":[{"count":72,"href":"https:\/\/ecotech.ro\/en\/wp-json\/wp\/v2\/pages\/333\/revisions"}],"predecessor-version":[{"id":4369,"href":"https:\/\/ecotech.ro\/en\/wp-json\/wp\/v2\/pages\/333\/revisions\/4369"}],"wp:featuredmedia":[{"embeddable":true,"href":"https:\/\/ecotech.ro\/en\/wp-json\/wp\/v2\/media\/2318"}],"wp:attachment":[{"href":"https:\/\/ecotech.ro\/en\/wp-json\/wp\/v2\/media?parent=333"}],"curies":[{"name":"wp","href":"https:\/\/api.w.org\/{rel}","templated":true}]}}