{"id":411,"date":"2021-03-09T10:05:38","date_gmt":"2021-03-09T10:05:38","guid":{"rendered":"http:\/\/zidex.modeltheme.com\/?page_id=411"},"modified":"2021-11-11T14:41:42","modified_gmt":"2021-11-11T11:41:42","slug":"ciclon","status":"publish","type":"page","link":"https:\/\/ecotech.ro\/en\/produse\/echipamente-filtrare-centralizata\/ciclon\/","title":{"rendered":"CICLOANE"},"content":{"rendered":"<div data-vc-full-width=\"true\" data-vc-full-width-init=\"false\" data-vc-stretch-content=\"true\" class=\"vc_row wpb_row vc_row-fluid vc_custom_1615471207941\"><div class=\"wpb_column vc_column_container vc_col-sm-12 vc_hidden-md vc_hidden-sm vc_hidden-xs\"><div class=\"vc_column-inner\"><div class=\"wpb_wrapper\">\n\t<div class=\"wpb_text_column wpb_content_element\" >\n\t\t<div class=\"wpb_wrapper\">\n\t\t\t<h4 style=\"text-align: left;\"><span style=\"color: #3085d3;\"><a style=\"color: #3085d3;\" href=\"https:\/\/ecotech.ro\/en\/\">Home<\/a><\/span> \/\u00a0<span style=\"color: #3085d3;\"><a style=\"color: #3085d3;\" href=\"https:\/\/ecotech.ro\/en\/produse\/\">Produse<\/a> <\/span>\/\u00a0<span style=\"color: #3085d3;\"><a style=\"color: #3085d3;\" href=\"https:\/\/ecotech.ro\/en\/produse\/transport-colectare-stocare\/\">Transport, Colectare \u0219i Stocare<\/a> <\/span>\/ <span style=\"color: #3085d3;\">Cicloane<\/span><\/h4>\n\n\t\t<\/div>\n\t<\/div>\n<\/div><\/div><\/div><\/div><div class=\"vc_row-full-width vc_clearfix\"><\/div><div class=\"vc_row wpb_row vc_row-fluid vc_custom_1615471380410\"><div class=\"wpb_column vc_column_container vc_col-sm-12 vc_hidden-lg\"><div class=\"vc_column-inner vc_custom_1615457525234\"><div class=\"wpb_wrapper\">\n\t<div class=\"wpb_text_column wpb_content_element\" >\n\t\t<div class=\"wpb_wrapper\">\n\t\t\t<h6 style=\"text-align: left;\"><span style=\"color: #3085d3;\"><a style=\"color: #3085d3;\" href=\"https:\/\/ecotech.ro\/en\/\">Home<\/a><\/span> \/\u00a0<span style=\"color: #3085d3;\"><a style=\"color: #3085d3;\" href=\"https:\/\/ecotech.ro\/en\/produse\/\">Produse<\/a> <\/span>\/\u00a0<span style=\"color: #3085d3;\"><a style=\"color: #3085d3;\" href=\"https:\/\/ecotech.ro\/en\/produse\/transport-colectare-stocare\/\">Transport, Colectare \u0219i Stocare<\/a> <\/span>\/ <span style=\"color: #3085d3;\">Cicloane<\/span><\/h6>\n\n\t\t<\/div>\n\t<\/div>\n<\/div><\/div><\/div><\/div><div class=\"vc_row wpb_row vc_row-fluid vc_custom_1615463134482\"><div class=\"wpb_column vc_column_container vc_col-sm-12 vc_hidden-md vc_hidden-sm vc_hidden-xs\"><div class=\"vc_column-inner vc_custom_1615456716788\"><div class=\"wpb_wrapper\">\n\t<div class=\"wpb_text_column wpb_content_element\" >\n\t\t<div class=\"wpb_wrapper\">\n\t\t\t<h1 style=\"text-align: center;\"><span style=\"color: #3085d3;\"><strong>CICLOANE<\/strong><\/span><\/h1>\n\n\t\t<\/div>\n\t<\/div>\n<\/div><\/div><\/div><\/div><div class=\"vc_row wpb_row vc_row-fluid vc_custom_1615457803005\"><div class=\"wpb_column vc_column_container vc_col-sm-12 vc_hidden-lg\"><div class=\"vc_column-inner vc_custom_1615456739043\"><div class=\"wpb_wrapper\">\n\t<div class=\"wpb_text_column wpb_content_element  vc_custom_1615463127884\" >\n\t\t<div class=\"wpb_wrapper\">\n\t\t\t<h1 style=\"text-align: center;\"><span style=\"color: #3085d3;\"><strong>CICLOANE<\/strong><\/span><\/h1>\n\n\t\t<\/div>\n\t<\/div>\n<\/div><\/div><\/div><\/div><div data-vc-full-width=\"true\" data-vc-full-width-init=\"false\" class=\"vc_row wpb_row vc_row-fluid vc_custom_1615471549250 vc_row-has-fill\"><div class=\"wpb_column vc_column_container vc_col-sm-8\"><div class=\"vc_column-inner vc_custom_1543830796074\"><div class=\"wpb_wrapper\">\n\t<div class=\"wpb_text_column wpb_content_element\" >\n\t\t<div class=\"wpb_wrapper\">\n\t\t\t<h3 style=\"font-weight: bold; margin-bottom: 30px;\"><span style=\"color: #3085d3;\">Tipul de tehnologie<\/span><\/h3>\n\n\t\t<\/div>\n\t<\/div>\n\n\t<div class=\"wpb_text_column wpb_content_element  vc_custom_1615974000343\" >\n\t\t<div class=\"wpb_wrapper\">\n\t\t\t<p><span style=\"color: #000000;\">Experien\u021ba recunoscut\u0103 interna\u021bional, prin patentul ob\u021binut pe ideea original\u0103 de ciclon.<\/span><\/p>\n<p><span style=\"color: #000000;\">EcoTech, a introdus in pia\u021ba un nou tip de ciclon u\u0219or, cu fiabilitate crescut\u0103, dar \u0219i cu cea mai mic\u0103 pierdere a presiunii dinamice.<\/span><\/p>\n<p><span style=\"color: #000000;\">Dotat cu o membran\u0103 elastic\u0103 de form\u0103 specific\u0103 ce confer\u0103 o \u00eenalt\u0103 rezisten\u021b\u0103 la impact, prin unghiul deflector al acesteia, <span style=\"color: #3085d3;\"><strong>Ciclonul EcoTech<\/strong><\/span>, dezvolt\u0103 o separare eficient\u0103 cu cel mai mic consum energetic.<\/span><\/p>\n<p><span style=\"color: #000000;\">Membrana elastic\u0103 \u00een form\u0103 corugat\u0103 care c\u0103ptu\u0219e\u0219te interiorul ciclonului, este rezultatul unei cercet\u0103ri de peste 18 ani a companiei <span style=\"color: #3085d3;\"><strong>EcoTech<\/strong><\/span>.<\/span><\/p>\n<p><span style=\"color: #000000;\">Este cel mai fiabil sistem de separare a particulelor iner\u021biale, datorit\u0103 construc\u021biei robuste, ce rezist\u0103 la impactul cu o foarte larg\u0103 gam\u0103 de particule, \u00een special cele cu dimensiuni mari.<\/span><\/p>\n\n\t\t<\/div>\n\t<\/div>\n\n\t<div class=\"wpb_text_column wpb_content_element\" >\n\t\t<div class=\"wpb_wrapper\">\n\t\t\t<h3 style=\"font-weight: bold; margin-bottom: 30px;\"><span style=\"color: #3085d3;\">Eficien\u021ba \u00een separarea particulelor<\/span><\/h3>\n\n\t\t<\/div>\n\t<\/div>\n\n\t<div class=\"wpb_text_column wpb_content_element  vc_custom_1614870452366\" >\n\t\t<div class=\"wpb_wrapper\">\n\t\t\t<p><span style=\"color: #000000;\">Separarea aerului prin ciclonare reprezint\u0103 un pas premerg\u0103tor unei filtr\u0103ri de mare eficien\u021b\u0103 a aerului preluat.<\/span><\/p>\n<p><span style=\"color: #000000;\">Separatoarele de tip ciclon fac parte din categoria separatoarelor centrifugale. Gradul de purificare este de 95% pentru concentra\u021bi ale amestecului de 0,2 \u00f7 0,3 kg particule \/kg aer. Viteza optim\u0103 de intrare a amestecului aer-particule \u00een ciclon este de 18 \u00f7 20 m\/s.<\/span><\/p>\n<p><span style=\"color: #000000;\">Conform normativelor \u00een vigoare, aerul utilizat \u00een instala\u021biile de transport pneumatic, dup\u0103 separare, nu trebuie s\u0103 con\u021bin\u0103 mai mult de 150 mg particule de lemn\/m3 aer, dac\u0103 este refulat \u00een atmosfer\u0103 \u0219i mai pu\u021bin de 3 mg particule\/m3 aer dac\u0103 este recirculat.<\/span><\/p>\n\n\t\t<\/div>\n\t<\/div>\n\n\t<div class=\"wpb_text_column wpb_content_element  vc_custom_1615471469382\" >\n\t\t<div class=\"wpb_wrapper\">\n\t\t\t<p><span style=\"color: #000000;\"><span style=\"color: #3085d3;\"><strong>Eficacitatea cicloanelor<\/strong><\/span> este \u00een func\u021bie de urm\u0103torii parametrii:<\/span><\/p>\n<ul type=\"none\">\n<li><span style=\"color: #3085d3;\"><i class=\"fa fa-wrench\" style=\"margin-right: 10px;\"><\/i> <span style=\"color: #000000;\">dimensiunile constructive ale ciclonului<\/span><\/span>\n<ol>Diametrele mici ale ciclonului sunt recomandate pentru separarea prafului de lemn (exemplu cele cu diametru D = 400 mm), iar cele cu diametru mare pentru separarea rumegu\u0219ului;<\/ol>\n<\/li>\n<li><span style=\"color: #3085d3;\"><i class=\"fa fa-wrench\" style=\"margin-right: 10px;\"><\/i> <span style=\"color: #000000;\">concentra\u021bia prafului are o importan\u021b\u0103 deosebit\u0103<\/span><\/span>\n<ol>Cu c\u00e2t concentra\u021bia este mai mic\u0103 cu at\u00e2t eficacitatea separ\u0103rii este mai bun\u0103;<\/ol>\n<\/li>\n<li><span style=\"color: #3085d3;\"><i class=\"fa fa-wrench\" style=\"margin-right: 10px;\"><\/i> <span style=\"color: #000000;\">viteza de intrare a amestecului aer-particule \u00een ciclon<\/span><\/span>\n<ol>S-a constatat c\u0103 exist\u0103 o anumit\u0103 vitez\u0103 pentru care se ob\u021bine un randament maxim. Astfel pentru rumegu\u0219 viteza optim\u0103 de intrare este v = 18 \u00f7 20 m\/s iar pentru particule fine v = 23 \u00f7 24 m\/s;<\/ol>\n<\/li>\n<li><span style=\"color: #3085d3;\"><i class=\"fa fa-wrench\" style=\"margin-right: 10px;\"><\/i> <span style=\"color: #000000;\">varietatea dimensional\u0103 a particulelor \u0219i propor\u021bia procentual\u0103 a acestora;<\/span><\/span><\/li>\n<li><span style=\"color: #3085d3;\"><i class=\"fa fa-wrench\" style=\"margin-right: 10px;\"><\/i> <span style=\"color: #000000;\">suprafa\u021ba interioar\u0103 a ciclonului<\/span><\/span>\n<ol>Cu c\u00e2t rugozitatea este mai fin\u0103 cu at\u00e2t eficacitatea cre\u0219te.<\/ol>\n<\/li>\n<\/ul>\n\n\t\t<\/div>\n\t<\/div>\n\n\t<div class=\"wpb_text_column wpb_content_element\" >\n\t\t<div class=\"wpb_wrapper\">\n\t\t\t<h3 style=\"font-weight: bold; margin-bottom: 30px;\"><span style=\"color: #3085d3;\">Domeniul de aplicare<\/span><\/h3>\n\n\t\t<\/div>\n\t<\/div>\n\n\t<div class=\"wpb_text_column wpb_content_element  vc_custom_1615974161338\" >\n\t\t<div class=\"wpb_wrapper\">\n\t\t\t<p><span style=\"color: #000000;\"><span style=\"color: #3085d3;\"><strong>Ciclonul<\/strong><\/span>\u00a0 este un separator de \u00eenalt\u0103 eficien\u021b\u0103 , care garanteaz\u0103 o separare eficien\u021b\u0103 a particulelor.\u00a0 Acesta poate fi utilizat pentru mai multe aplica\u021bii industriale, cum ar fi prelucrare abraziv\u0103, rindeluirea, sisteme de transfer de praf sau de separare a materialului.<\/span><\/p>\n<p><span style=\"color: #000000;\"><span style=\"color: #3085d3;\"><strong>Ciclonul<\/strong><\/span> ca parte component\u0103 a instala\u021biilor de exhaustare deserve\u0219te la separarea particulelor de praf, rumegu\u0219, toc\u0103tur\u0103 si particule metalice &#8211; prefiltrarea care evit\u0103 colmatarea fibrelor textile.<\/span><\/p>\n\n\t\t<\/div>\n\t<\/div>\n\n\t<div class=\"wpb_text_column wpb_content_element\" >\n\t\t<div class=\"wpb_wrapper\">\n\t\t\t<h3 style=\"font-weight: bold; margin-bottom: 30px;\"><span style=\"color: #3085d3;\">Principiul de func\u021bionare<\/span><\/h3>\n\n\t\t<\/div>\n\t<\/div>\n\n\t<div class=\"wpb_text_column wpb_content_element  vc_custom_1615373941164\" >\n\t\t<div class=\"wpb_wrapper\">\n\t\t\t<p><span style=\"color: #000000;\">Aerul \u00eenc\u0103rcat cu impurit\u0103\u021bi intra \u00een ciclon tangen\u021bial, unde are loc un proces de separare prin decantarea particulelor grele datorit\u0103 for\u021bei centrifuge. Particulele grele vor c\u0103dea \u00een partea inferioar\u0103 \u00een bunc\u0103r sau ecluza rotativ\u0103, apoi aerul curat iese prin gura de evacuare.<\/span><\/p>\n\n\t\t<\/div>\n\t<\/div>\n\n\t<div class=\"wpb_text_column wpb_content_element\" >\n\t\t<div class=\"wpb_wrapper\">\n\t\t\t<h3 style=\"font-weight: bold; margin-bottom: 30px;\"><span style=\"color: #3085d3;\">Calculul pentru stabilirea ciclonului<\/span><\/h3>\n\n\t\t<\/div>\n\t<\/div>\n\n\t<div class=\"wpb_text_column wpb_content_element  vc_custom_1615471511057\" >\n\t\t<div class=\"wpb_wrapper\">\n\t\t\t<p><span style=\"color: #000000;\"><span style=\"color: #3085d3;\"><strong>Alegerea ciclonului<\/strong><\/span> se face din normative \u00een func\u021bie de debitul de aer Qv \u015fi de viteza de intrare a aerului \u00een ciclon.<\/span><\/p>\n<p>&nbsp;<\/p>\n<p><span style=\"color: #000000;\"><span style=\"color: #3085d3;\"><strong>Caracteristicile principale ale ciclonului<\/strong><\/span> (func\u021bie de tipul acestuia):<\/span><\/p>\n<ol>\n<li><span style=\"color: #000000;\">Tipul ciclonului;<\/span><\/li>\n<li><span style=\"color: #000000;\">Debitul de aer admis Qc , \u00een m\u00b3\/h;<\/span><\/li>\n<li><span style=\"color: #000000;\">Pierderea de presiune maxim\u0103 \u00een ciclon \u0394pc max, \u00een mm col H2O;<\/span><\/li>\n<li><span style=\"color: #000000;\">Viteza admis\u0103 de intrare a aerului \u00een ciclon vaic, \u00een m\/s;<\/span><\/li>\n<li><span style=\"color: #000000;\">Dimensiunea gurii de intrare a aerului: A \u00b7 B, date \u00een mm.<\/span><\/li>\n<\/ol>\n\n\t\t<\/div>\n\t<\/div>\n<\/div><\/div><\/div><div class=\"wpb_column vc_column_container vc_col-sm-4\"><div class=\"vc_column-inner vc_custom_1543839425847\"><div class=\"wpb_wrapper\">\n<div class=\"vc_grid-container-wrapper vc_clearfix\">\n\t<div class=\"vc_grid-container vc_clearfix wpb_content_element vc_media_grid\" data-initial-loading-animation=\"fadeIn\" data-vc-grid-settings=\"{&quot;page_id&quot;:411,&quot;style&quot;:&quot;all&quot;,&quot;action&quot;:&quot;vc_get_vc_grid_data&quot;,&quot;shortcode_id&quot;:&quot;1636526681845-881ea5eb-e323-7&quot;,&quot;tag&quot;:&quot;vc_media_grid&quot;}\" data-vc-request=\"https:\/\/ecotech.ro\/wp-admin\/admin-ajax.php\" data-vc-post-id=\"411\" data-vc-public-nonce=\"4ef3bc6656\">\n\t\t\n\t<\/div>\n<\/div>\n\t<div class=\"wpb_text_column wpb_content_element\" >\n\t\t<div class=\"wpb_wrapper\">\n\t\t\t<div role=\"form\" class=\"wpcf7\" id=\"wpcf7-f206-o1\" lang=\"en-US\" dir=\"ltr\">\n<div class=\"screen-reader-response\"><p role=\"status\" aria-live=\"polite\" aria-atomic=\"true\"><\/p> <ul><\/ul><\/div>\n<form action=\"\/en\/wp-json\/wp\/v2\/pages\/411#wpcf7-f206-o1\" method=\"post\" class=\"wpcf7-form init\" novalidate=\"novalidate\" data-status=\"init\" data-trp-original-action=\"\/en\/wp-json\/wp\/v2\/pages\/411#wpcf7-f206-o1\">\n<div style=\"display: none;\">\n<input type=\"hidden\" name=\"_wpcf7\" value=\"206\" \/>\n<input type=\"hidden\" name=\"_wpcf7_version\" value=\"5.5.3\" \/>\n<input type=\"hidden\" name=\"_wpcf7_locale\" value=\"en_US\" \/>\n<input type=\"hidden\" name=\"_wpcf7_unit_tag\" value=\"wpcf7-f206-o1\" \/>\n<input type=\"hidden\" name=\"_wpcf7_container_post\" value=\"0\" \/>\n<input type=\"hidden\" name=\"_wpcf7_posted_data_hash\" value=\"\" \/>\n<input type=\"hidden\" name=\"_wpcf7_recaptcha_response\" value=\"\" \/>\n<\/div>\n<div class=\"zidex-quote zidex-quote-sidebar\">\n<div class=\"col-md-12 col-sm-12 zidex-quote-top\">\n<div class=\"col-md-3 col-xs-3 col-sm-5 zidex-quote-top-icon\">\n   <img decoding=\"async\" src=\"https:\/\/zidex.modeltheme.com\/wp-content\/uploads_dummy_data\/2018\/11\/worker-1.png\" alt=\"worker\">\n  <\/div>\n<div class=\"col-md-9 col-xs-9 col-sm-7 zidex-quote-top-title\">\n<h3>Solicit\u0103 ofert\u0103<\/h3>\n<\/div>\n<\/div>\n<div class=\"col-md-12 zidex-quote-content\">\n<div class=\"col-md-6\">\n      <label><span class=\"wpcf7-form-control-wrap your-name\"><input type=\"text\" name=\"your-name\" value=\"\" size=\"40\" class=\"wpcf7-form-control wpcf7-text wpcf7-validates-as-required\" aria-required=\"true\" aria-invalid=\"false\" placeholder=\"Nume\" \/><\/span><\/label>\n   <\/div>\n<div class=\"col-md-6\">\n      <label><span class=\"wpcf7-form-control-wrap your-surname\"><input type=\"text\" name=\"your-surname\" value=\"\" size=\"40\" class=\"wpcf7-form-control wpcf7-text wpcf7-validates-as-required\" aria-required=\"true\" aria-invalid=\"false\" placeholder=\"Prenume\" \/><\/span><\/label>\n   <\/div>\n<div class=\"col-md-12\">\n      <label><span class=\"wpcf7-form-control-wrap companie\"><input type=\"text\" name=\"companie\" value=\"\" size=\"40\" class=\"wpcf7-form-control wpcf7-text\" aria-invalid=\"false\" placeholder=\"Companie (op\u021bional)\" \/><\/span><\/label>\n   <\/div>\n<div class=\"col-md-6\">\n      <label><span class=\"wpcf7-form-control-wrap email\"><input type=\"email\" name=\"email\" value=\"\" size=\"40\" class=\"wpcf7-form-control wpcf7-text wpcf7-email wpcf7-validates-as-required wpcf7-validates-as-email\" aria-required=\"true\" aria-invalid=\"false\" placeholder=\"Email\" \/><\/span><\/label>\n   <\/div>\n<div class=\"col-md-6\">\n     <label><span class=\"wpcf7-form-control-wrap phone\"><input type=\"tel\" name=\"phone\" value=\"\" size=\"40\" class=\"wpcf7-form-control wpcf7-text wpcf7-tel wpcf7-validates-as-required wpcf7-validates-as-tel\" aria-required=\"true\" aria-invalid=\"false\" placeholder=\"Telefon\" \/><\/span><\/label>\n   <\/div>\n<div class=\"col-md-12\">\n     <label><span class=\"wpcf7-form-control-wrap message\"><textarea name=\"message\" cols=\"40\" rows=\"10\" class=\"wpcf7-form-control wpcf7-textarea wpcf7-validates-as-required\" aria-required=\"true\" aria-invalid=\"false\" placeholder=\"Mesajul dumneavoastr\u0103\"><\/textarea><\/span><\/label>\n   <\/div>\n<div class=\"col-md-12\">\n     <button type=\"submit\" class=\"wpcf7-form-control wpcf7-submit\">Trimite<\/button>\n   <\/div>\n<\/div>\n<\/div>\n<div class=\"wpcf7-response-output\" aria-hidden=\"true\"><\/div><input type=\"hidden\" name=\"trp-form-language\" value=\"en\"\/><\/form><\/div>\n\n\t\t<\/div>\n\t<\/div>\n<\/div><\/div><\/div><\/div><div class=\"vc_row-full-width vc_clearfix\"><\/div>","protected":false},"excerpt":{"rendered":"<p>EcoTech a introdus \u00een pia\u021b\u0103 un nou tip de ciclon u\u0219or, cu fiabilitate crescut\u0103, dar \u0219i cu cea mai mic\u0103 pierdere a presiunii dinamice.<\/p>","protected":false},"author":1,"featured_media":3918,"parent":2484,"menu_order":0,"comment_status":"closed","ping_status":"closed","template":"","meta":{"footnotes":""},"_links":{"self":[{"href":"https:\/\/ecotech.ro\/en\/wp-json\/wp\/v2\/pages\/411"}],"collection":[{"href":"https:\/\/ecotech.ro\/en\/wp-json\/wp\/v2\/pages"}],"about":[{"href":"https:\/\/ecotech.ro\/en\/wp-json\/wp\/v2\/types\/page"}],"author":[{"embeddable":true,"href":"https:\/\/ecotech.ro\/en\/wp-json\/wp\/v2\/users\/1"}],"replies":[{"embeddable":true,"href":"https:\/\/ecotech.ro\/en\/wp-json\/wp\/v2\/comments?post=411"}],"version-history":[{"count":27,"href":"https:\/\/ecotech.ro\/en\/wp-json\/wp\/v2\/pages\/411\/revisions"}],"predecessor-version":[{"id":4105,"href":"https:\/\/ecotech.ro\/en\/wp-json\/wp\/v2\/pages\/411\/revisions\/4105"}],"up":[{"embeddable":true,"href":"https:\/\/ecotech.ro\/en\/wp-json\/wp\/v2\/pages\/2484"}],"wp:featuredmedia":[{"embeddable":true,"href":"https:\/\/ecotech.ro\/en\/wp-json\/wp\/v2\/media\/3918"}],"wp:attachment":[{"href":"https:\/\/ecotech.ro\/en\/wp-json\/wp\/v2\/media?parent=411"}],"curies":[{"name":"wp","href":"https:\/\/api.w.org\/{rel}","templated":true}]}}