{"id":4272,"date":"2023-09-05T14:59:15","date_gmt":"2023-09-05T11:59:15","guid":{"rendered":"https:\/\/ecotech.ro\/?page_id=4272"},"modified":"2023-09-07T09:26:20","modified_gmt":"2023-09-07T06:26:20","slug":"proiecte","status":"publish","type":"page","link":"https:\/\/ecotech.ro\/en\/proiecte\/","title":{"rendered":"PROIECTE"},"content":{"rendered":"<h1><strong>CEA MAI<\/strong> MARE<strong> INSTALA\u021aIE DE EXHAUSTARE <\/strong><\/h1>\n<h1><strong>CERTIFICAT\u0102 ATEX <\/strong>DIN ROM\u00c2NIA &#8211; 320.000 mc\/h<\/h1>\n<p><img fetchpriority=\"high\" decoding=\"async\" class=\"alignnone wp-image-4312\" src=\"https:\/\/ecotech.ro\/wp-content\/uploads\/2023\/09\/20230831_145311-scaled.jpg\" alt=\"\" width=\"1064\" height=\"479\" srcset=\"https:\/\/ecotech.ro\/wp-content\/uploads\/2023\/09\/20230831_145311-scaled.jpg 2560w, https:\/\/ecotech.ro\/wp-content\/uploads\/2023\/09\/20230831_145311-300x135.jpg 300w, https:\/\/ecotech.ro\/wp-content\/uploads\/2023\/09\/20230831_145311-1024x461.jpg 1024w, https:\/\/ecotech.ro\/wp-content\/uploads\/2023\/09\/20230831_145311-768x346.jpg 768w, https:\/\/ecotech.ro\/wp-content\/uploads\/2023\/09\/20230831_145311-1536x691.jpg 1536w, https:\/\/ecotech.ro\/wp-content\/uploads\/2023\/09\/20230831_145311-2048x922.jpg 2048w, https:\/\/ecotech.ro\/wp-content\/uploads\/2023\/09\/20230831_145311-18x8.jpg 18w\" sizes=\"(max-width: 1064px) 100vw, 1064px\" \/><\/p>\n<p><span style=\"color: #000000;\">Suntem m\u00e2ndri s\u0103 v\u0103 prezent\u0103m unul dintre cele mai impresionante proiecte pe care le-am realizat p\u00e2n\u0103 acum \u2013 cea mai mare instala\u021bie de exhaustare Certificata ATEX din Rom\u00e2nia.<\/span><\/p>\n<p><span style=\"color: #000000;\">Aceast\u0103 instala\u021bie a fost finalizata in anul 2023 la o fabric\u0103 noua cu ac\u021bionariat suedez, furnizor pentru Ikea, situat\u0103 \u00een C\u00e2mpia Turzii, jude\u021bul Cluj.<\/span><\/p>\n<p><span style=\"color: #000000;\">Aceast\u0103 instala\u021bie de exhaustare \u0219i filtrare se bucur\u0103 de certificarea ATEX, ceea ce \u00eenseamn\u0103 c\u0103 este conform\u0103 cu normativele europene stricte pentru echipamentele destinate utiliz\u0103rii \u00een atmosfere poten\u021bial explozive.<\/span><\/p>\n<p><span style=\"color: #000000;\"><strong>Certificarea ATEX este o garan\u021bie a siguran\u021bei \u0219i performan\u021bei.<\/strong><\/span><\/p>\n<p><img decoding=\"async\" class=\"alignnone wp-image-4333\" src=\"https:\/\/ecotech.ro\/wp-content\/uploads\/2023\/09\/20230831_153500-scaled.jpg\" alt=\"\" width=\"375\" height=\"679\" \/> <img decoding=\"async\" class=\"alignnone wp-image-4336\" src=\"https:\/\/ecotech.ro\/wp-content\/uploads\/2023\/09\/20230831_153613-scaled.jpg\" alt=\"\" width=\"375\" height=\"666\" srcset=\"https:\/\/ecotech.ro\/wp-content\/uploads\/2023\/09\/20230831_153613-scaled.jpg 1441w, https:\/\/ecotech.ro\/wp-content\/uploads\/2023\/09\/20230831_153613-169x300.jpg 169w, https:\/\/ecotech.ro\/wp-content\/uploads\/2023\/09\/20230831_153613-577x1024.jpg 577w, https:\/\/ecotech.ro\/wp-content\/uploads\/2023\/09\/20230831_153613-768x1364.jpg 768w, https:\/\/ecotech.ro\/wp-content\/uploads\/2023\/09\/20230831_153613-865x1536.jpg 865w, https:\/\/ecotech.ro\/wp-content\/uploads\/2023\/09\/20230831_153613-1153x2048.jpg 1153w, https:\/\/ecotech.ro\/wp-content\/uploads\/2023\/09\/20230831_153613-7x12.jpg 7w\" sizes=\"(max-width: 375px) 100vw, 375px\" \/> <img loading=\"lazy\" decoding=\"async\" class=\"alignnone wp-image-4330\" src=\"https:\/\/ecotech.ro\/wp-content\/uploads\/2023\/09\/20230831_1531151-scaled.jpg\" alt=\"\" width=\"377\" height=\"669\" srcset=\"https:\/\/ecotech.ro\/wp-content\/uploads\/2023\/09\/20230831_1531151-scaled.jpg 1441w, https:\/\/ecotech.ro\/wp-content\/uploads\/2023\/09\/20230831_1531151-169x300.jpg 169w, https:\/\/ecotech.ro\/wp-content\/uploads\/2023\/09\/20230831_1531151-577x1024.jpg 577w, https:\/\/ecotech.ro\/wp-content\/uploads\/2023\/09\/20230831_1531151-768x1364.jpg 768w, https:\/\/ecotech.ro\/wp-content\/uploads\/2023\/09\/20230831_1531151-865x1536.jpg 865w, https:\/\/ecotech.ro\/wp-content\/uploads\/2023\/09\/20230831_1531151-1153x2048.jpg 1153w, https:\/\/ecotech.ro\/wp-content\/uploads\/2023\/09\/20230831_1531151-7x12.jpg 7w\" sizes=\"(max-width: 377px) 100vw, 377px\" \/><\/p>\n<p><span style=\"color: #000000;\"><strong>Detalii Tehnice \u0219i Calitatea Lucr\u0103rilor<\/strong><\/span><\/p>\n<p><span style=\"color: #000000;\">La proiectarea instala\u021biilor de exhaustare-filtrare, am respectat normativele SR EN 12779\/2016 \u0219i am ales materiale \u0219i echipamente de cea mai \u00eenalt\u0103 calitate pentru a asigura func\u021bionarea optim\u0103 \u0219i durabilitatea sistemului. Iat\u0103 c\u00e2teva aspecte cheie:<\/span><\/p>\n<ul>\n<li><span style=\"color: #000000;\"><strong>Tubulatura de Transport:<\/strong> Am utilizat tubulatur\u0103 confec\u021bionat\u0103 din tabl\u0103 zincat\u0103, sudat\u0103 cu laser, asigur\u00e2nd un grad ridicat de etan\u0219eitate \u0219i rezisten\u021b\u0103 la presiune negativ\u0103 p\u00e2n\u0103 la 4000Pa.<\/span><\/li>\n<li><span style=\"color: #000000;\"><strong>Racorduri \u0219i Ramific\u0103\u021bii:<\/strong> Racordurile sunt realizate cu tubulatur\u0103 flexibil\u0103 cu dimensiuni minime, conform prevederilor EN 12779, iar ramificatiile sunt executate din tabla zincata cu grosimea minima de 1mm, avand un unghi de racord de cel mult 45 de grade.<\/span><\/li>\n<li><span style=\"color: #000000;\"><strong>Sistem de Filtrare Centralizat:<\/strong> Am dimensionat sistemul de filtrare conform reglementarilor, asigur\u00e2nd un debit maxim de 150 mc\/h\/mp de material filtrant. Filtrul este echipat cu clapete de explozie \u0219i sistem de stingere incendii cu drencere.<\/span><\/li>\n<li><span style=\"color: #000000;\"><strong>Aparataj Electric Omologat:<\/strong> Aparatajul electric si toate materialele utilizate sunt de tip omologat \u0219i se conformeaz\u0103 celor mai \u00eenalte standarde de siguran\u021b\u0103.<\/span><\/li>\n<li><span style=\"color: #000000;\"><strong>Siguran\u021b\u0103 \u0219i Accesibilitate \u00een Exploatare:<\/strong> Instala\u021bia a fost proiectat\u0103 \u0219i realizat\u0103 astfel \u00eenc\u00e2t s\u0103 asigure protec\u021bia utilizatorului \u00eempotriva \u0219ocurilor electrice, cu protec\u021bie la scurtcircuit \u0219i suprasarcin\u0103, precum \u0219i protec\u021bie la curent diferen\u021bial rezidual.<\/span><\/li>\n<li><span style=\"color: #000000;\"><strong>Economie de Energie \u0219i Izolare Termic\u0103:<\/strong> Instala\u021biile au fost adaptate pentru a minimiza consumul energetic, cu ventilatoare care pornesc odat\u0103 cu utilajul \u0219i cu sistem de returnare a aerului pentru eficien\u021b\u0103 maxim\u0103.<\/span><\/li>\n<\/ul>\n<p><img loading=\"lazy\" decoding=\"async\" class=\"alignnone wp-image-4277\" src=\"https:\/\/ecotech.ro\/wp-content\/uploads\/2023\/09\/20230831_145017-scaled-e1693928333158.jpg\" alt=\"\" width=\"272\" height=\"363\" srcset=\"https:\/\/ecotech.ro\/wp-content\/uploads\/2023\/09\/20230831_145017-scaled-e1693928333158.jpg 1920w, https:\/\/ecotech.ro\/wp-content\/uploads\/2023\/09\/20230831_145017-scaled-e1693928333158-225x300.jpg 225w, https:\/\/ecotech.ro\/wp-content\/uploads\/2023\/09\/20230831_145017-scaled-e1693928333158-768x1024.jpg 768w, https:\/\/ecotech.ro\/wp-content\/uploads\/2023\/09\/20230831_145017-scaled-e1693928333158-1152x1536.jpg 1152w, https:\/\/ecotech.ro\/wp-content\/uploads\/2023\/09\/20230831_145017-scaled-e1693928333158-1536x2048.jpg 1536w, https:\/\/ecotech.ro\/wp-content\/uploads\/2023\/09\/20230831_145017-scaled-e1693928333158-9x12.jpg 9w\" sizes=\"(max-width: 272px) 100vw, 272px\" \/> \u00a0<img loading=\"lazy\" decoding=\"async\" class=\"alignnone wp-image-4318\" src=\"https:\/\/ecotech.ro\/wp-content\/uploads\/2023\/09\/20230831_150616-1-scaled.jpg\" alt=\"\" width=\"270\" height=\"360\" srcset=\"https:\/\/ecotech.ro\/wp-content\/uploads\/2023\/09\/20230831_150616-1-scaled.jpg 1920w, https:\/\/ecotech.ro\/wp-content\/uploads\/2023\/09\/20230831_150616-1-225x300.jpg 225w, https:\/\/ecotech.ro\/wp-content\/uploads\/2023\/09\/20230831_150616-1-768x1024.jpg 768w, https:\/\/ecotech.ro\/wp-content\/uploads\/2023\/09\/20230831_150616-1-1152x1536.jpg 1152w, https:\/\/ecotech.ro\/wp-content\/uploads\/2023\/09\/20230831_150616-1-1536x2048.jpg 1536w, https:\/\/ecotech.ro\/wp-content\/uploads\/2023\/09\/20230831_150616-1-9x12.jpg 9w\" sizes=\"(max-width: 270px) 100vw, 270px\" \/> \u00a0 <img loading=\"lazy\" decoding=\"async\" class=\"alignnone wp-image-4304\" src=\"https:\/\/ecotech.ro\/wp-content\/uploads\/2023\/09\/20230831_144242-scaled.jpg\" alt=\"\" width=\"270\" height=\"360\" srcset=\"https:\/\/ecotech.ro\/wp-content\/uploads\/2023\/09\/20230831_144242-scaled.jpg 1920w, https:\/\/ecotech.ro\/wp-content\/uploads\/2023\/09\/20230831_144242-225x300.jpg 225w, https:\/\/ecotech.ro\/wp-content\/uploads\/2023\/09\/20230831_144242-768x1024.jpg 768w, https:\/\/ecotech.ro\/wp-content\/uploads\/2023\/09\/20230831_144242-1152x1536.jpg 1152w, https:\/\/ecotech.ro\/wp-content\/uploads\/2023\/09\/20230831_144242-1536x2048.jpg 1536w, https:\/\/ecotech.ro\/wp-content\/uploads\/2023\/09\/20230831_144242-9x12.jpg 9w\" sizes=\"(max-width: 270px) 100vw, 270px\" \/>\u00a0 <img loading=\"lazy\" decoding=\"async\" class=\"alignnone wp-image-4302\" src=\"https:\/\/ecotech.ro\/wp-content\/uploads\/2023\/09\/20230831_143708-scaled.jpg\" alt=\"\" width=\"271\" height=\"362\" srcset=\"https:\/\/ecotech.ro\/wp-content\/uploads\/2023\/09\/20230831_143708-scaled.jpg 1920w, https:\/\/ecotech.ro\/wp-content\/uploads\/2023\/09\/20230831_143708-225x300.jpg 225w, https:\/\/ecotech.ro\/wp-content\/uploads\/2023\/09\/20230831_143708-768x1024.jpg 768w, https:\/\/ecotech.ro\/wp-content\/uploads\/2023\/09\/20230831_143708-1152x1536.jpg 1152w, https:\/\/ecotech.ro\/wp-content\/uploads\/2023\/09\/20230831_143708-1536x2048.jpg 1536w, https:\/\/ecotech.ro\/wp-content\/uploads\/2023\/09\/20230831_143708-9x12.jpg 9w\" sizes=\"(max-width: 271px) 100vw, 271px\" \/><\/p>\n<p><span style=\"color: #000000;\"><strong>Rezisten\u021b\u0103 la Foc \u0219i Calitate Certificat\u0103<\/strong><\/span><\/p>\n<p><span style=\"color: #000000;\">Instala\u021bia noastr\u0103 de exhaustare-filtrare respect\u0103 cerin\u021bele de rezisten\u021b\u0103 la foc conform cerin\u021belor clasific\u0103rii EW 90 din baza DIN EN 13501-2:2010-023. Aceasta a fost testat\u0103 \u0219i certificat\u0103 pentru siguran\u021b\u0103 \u0219i eficien\u021b\u0103.<\/span><\/p>\n<p><span style=\"color: #000000;\"><strong>Caracteristici Tehnice:<\/strong><\/span><\/p>\n<ul>\n<li><span style=\"color: #000000;\"><strong>Tip de Filtre:<\/strong> Filtre tip sac &#8211; filtrare din exterior<\/span><\/li>\n<li><span style=\"color: #000000;\"><strong>Categorie de Filtre:<\/strong> Cat. M, verificat IFA, AWN 16<\/span><\/li>\n<li><span style=\"color: #000000;\"><strong>Condi\u021bii de Mediu:<\/strong> -20\u00b0C p\u00e2n\u0103 la +40\u00b0C<\/span><\/li>\n<li><span style=\"color: #000000;\"><strong>\u00cenveli\u0219 Filtru:<\/strong> Tabl\u0103 din o\u021bel zincat de 2 mm<\/span><\/li>\n<li><span style=\"color: #000000;\"><strong>Suprafe\u021be de Decompresiune:<\/strong> Conform DIN EN 14491 \/ 2012-10<\/span><\/li>\n<li><span style=\"color: #000000;\"><strong>Regim de Func\u021bionare Motoare:<\/strong> Regim permanent (S1)<\/span><\/li>\n<li><span style=\"color: #000000;\"><strong>Tipul de Curent:<\/strong> Trifazic, 230\/400 vol\u021bi, 50 Hz, curent alternativ<\/span><\/li>\n<li><span style=\"color: #000000;\"><strong>Motor cu Transmisie pentru Evacuare cu Lan\u021b:<\/strong> 0,55 kW, 10,4 rot\/min, 2,7\/1,5 amperi<\/span><\/li>\n<li><span style=\"color: #000000;\"><strong>Motor cu Transmisie pentru Ecluza cu Rotor Celular:<\/strong> 0,55 kW, 10,3 rot\/min, 1,38\/0,8 amperi<\/span><\/li>\n<li><span style=\"color: #000000;\"><strong>Debit Instalat:<\/strong> 320,000 mc\/h<\/span><\/li>\n<\/ul>\n<p><span style=\"color: #000000;\">Suntem m\u00e2ndri s\u0103 fim partenerii fabricii din C\u00e2mpia Turzii \u0219i s\u0103 contribuim la asigurarea unui mediu de lucru sigur \u0219i eficient pentru personalul lor.<\/span><\/p>\n<p><span style=\"color: #000000;\">Acest proiect reprezint\u0103 un exemplu de excelen\u021b\u0103 \u00een domeniul instal\u0103\u021biilor de exhaustare \u0219i filtrare.<\/span><\/p>\n<p><span style=\"color: #000000;\">Pentru mai multe informa\u021bii despre acest proiect sau pentru a discuta despre cum putem ajuta \u0219i dumneavoastr\u0103, v\u0103 rug\u0103m s\u0103 ne <a href=\"https:\/\/ecotech.ro\/en\/contact\/\">contacta\u021bi.<\/a><\/span><\/p>\n<p><img loading=\"lazy\" decoding=\"async\" class=\"alignnone wp-image-4319\" src=\"https:\/\/ecotech.ro\/wp-content\/uploads\/2023\/09\/20230831_150708-scaled.jpg\" alt=\"\" width=\"346\" height=\"461\" srcset=\"https:\/\/ecotech.ro\/wp-content\/uploads\/2023\/09\/20230831_150708-scaled.jpg 1920w, https:\/\/ecotech.ro\/wp-content\/uploads\/2023\/09\/20230831_150708-225x300.jpg 225w, https:\/\/ecotech.ro\/wp-content\/uploads\/2023\/09\/20230831_150708-768x1024.jpg 768w, https:\/\/ecotech.ro\/wp-content\/uploads\/2023\/09\/20230831_150708-1152x1536.jpg 1152w, https:\/\/ecotech.ro\/wp-content\/uploads\/2023\/09\/20230831_150708-1536x2048.jpg 1536w, https:\/\/ecotech.ro\/wp-content\/uploads\/2023\/09\/20230831_150708-9x12.jpg 9w\" sizes=\"(max-width: 346px) 100vw, 346px\" \/>\u00a0 \u00a0<img loading=\"lazy\" decoding=\"async\" class=\"alignnone wp-image-4321\" src=\"https:\/\/ecotech.ro\/wp-content\/uploads\/2023\/09\/20230831_150732-scaled.jpg\" alt=\"\" width=\"346\" height=\"462\" srcset=\"https:\/\/ecotech.ro\/wp-content\/uploads\/2023\/09\/20230831_150732-scaled.jpg 1920w, https:\/\/ecotech.ro\/wp-content\/uploads\/2023\/09\/20230831_150732-225x300.jpg 225w, https:\/\/ecotech.ro\/wp-content\/uploads\/2023\/09\/20230831_150732-768x1024.jpg 768w, https:\/\/ecotech.ro\/wp-content\/uploads\/2023\/09\/20230831_150732-1152x1536.jpg 1152w, https:\/\/ecotech.ro\/wp-content\/uploads\/2023\/09\/20230831_150732-1536x2048.jpg 1536w, https:\/\/ecotech.ro\/wp-content\/uploads\/2023\/09\/20230831_150732-9x12.jpg 9w\" sizes=\"(max-width: 346px) 100vw, 346px\" \/>\u00a0 \u00a0<img loading=\"lazy\" decoding=\"async\" class=\"alignnone wp-image-4322\" src=\"https:\/\/ecotech.ro\/wp-content\/uploads\/2023\/09\/20230831_150756-scaled.jpg\" alt=\"\" width=\"343\" height=\"458\" srcset=\"https:\/\/ecotech.ro\/wp-content\/uploads\/2023\/09\/20230831_150756-scaled.jpg 1920w, https:\/\/ecotech.ro\/wp-content\/uploads\/2023\/09\/20230831_150756-225x300.jpg 225w, https:\/\/ecotech.ro\/wp-content\/uploads\/2023\/09\/20230831_150756-768x1024.jpg 768w, https:\/\/ecotech.ro\/wp-content\/uploads\/2023\/09\/20230831_150756-1152x1536.jpg 1152w, https:\/\/ecotech.ro\/wp-content\/uploads\/2023\/09\/20230831_150756-1536x2048.jpg 1536w, https:\/\/ecotech.ro\/wp-content\/uploads\/2023\/09\/20230831_150756-9x12.jpg 9w\" sizes=\"(max-width: 343px) 100vw, 343px\" \/>\u00a0 \u00a0<img loading=\"lazy\" decoding=\"async\" class=\"alignnone wp-image-4323\" src=\"https:\/\/ecotech.ro\/wp-content\/uploads\/2023\/09\/20230831_1508032-scaled.jpg\" alt=\"\" width=\"334\" height=\"445\" srcset=\"https:\/\/ecotech.ro\/wp-content\/uploads\/2023\/09\/20230831_1508032-scaled.jpg 1920w, https:\/\/ecotech.ro\/wp-content\/uploads\/2023\/09\/20230831_1508032-225x300.jpg 225w, https:\/\/ecotech.ro\/wp-content\/uploads\/2023\/09\/20230831_1508032-768x1024.jpg 768w, https:\/\/ecotech.ro\/wp-content\/uploads\/2023\/09\/20230831_1508032-1152x1536.jpg 1152w, https:\/\/ecotech.ro\/wp-content\/uploads\/2023\/09\/20230831_1508032-1536x2048.jpg 1536w, https:\/\/ecotech.ro\/wp-content\/uploads\/2023\/09\/20230831_1508032-9x12.jpg 9w\" sizes=\"(max-width: 334px) 100vw, 334px\" \/>\u00a0 \u00a0<img loading=\"lazy\" decoding=\"async\" class=\"alignnone wp-image-4324\" src=\"https:\/\/ecotech.ro\/wp-content\/uploads\/2023\/09\/20230831_150821-scaled.jpg\" alt=\"\" width=\"335\" height=\"447\" srcset=\"https:\/\/ecotech.ro\/wp-content\/uploads\/2023\/09\/20230831_150821-scaled.jpg 1920w, https:\/\/ecotech.ro\/wp-content\/uploads\/2023\/09\/20230831_150821-225x300.jpg 225w, https:\/\/ecotech.ro\/wp-content\/uploads\/2023\/09\/20230831_150821-768x1024.jpg 768w, https:\/\/ecotech.ro\/wp-content\/uploads\/2023\/09\/20230831_150821-1152x1536.jpg 1152w, https:\/\/ecotech.ro\/wp-content\/uploads\/2023\/09\/20230831_150821-1536x2048.jpg 1536w, https:\/\/ecotech.ro\/wp-content\/uploads\/2023\/09\/20230831_150821-9x12.jpg 9w\" sizes=\"(max-width: 335px) 100vw, 335px\" \/><\/p>\n<p><img loading=\"lazy\" decoding=\"async\" class=\"alignnone wp-image-4338\" src=\"https:\/\/ecotech.ro\/wp-content\/uploads\/2023\/09\/20230831_160635-scaled.jpg\" alt=\"\" width=\"244\" height=\"1841\" \/>\u00a0 \u00a0<img loading=\"lazy\" decoding=\"async\" class=\"alignnone wp-image-4340\" src=\"https:\/\/ecotech.ro\/wp-content\/uploads\/2023\/09\/20230831_160646-scaled.jpg\" alt=\"\" width=\"244\" height=\"434\" srcset=\"https:\/\/ecotech.ro\/wp-content\/uploads\/2023\/09\/20230831_160646-scaled.jpg 1441w, https:\/\/ecotech.ro\/wp-content\/uploads\/2023\/09\/20230831_160646-169x300.jpg 169w, https:\/\/ecotech.ro\/wp-content\/uploads\/2023\/09\/20230831_160646-577x1024.jpg 577w, https:\/\/ecotech.ro\/wp-content\/uploads\/2023\/09\/20230831_160646-768x1364.jpg 768w, https:\/\/ecotech.ro\/wp-content\/uploads\/2023\/09\/20230831_160646-865x1536.jpg 865w, https:\/\/ecotech.ro\/wp-content\/uploads\/2023\/09\/20230831_160646-1153x2048.jpg 1153w, https:\/\/ecotech.ro\/wp-content\/uploads\/2023\/09\/20230831_160646-7x12.jpg 7w\" sizes=\"(max-width: 244px) 100vw, 244px\" \/>\u00a0 \u00a0<img loading=\"lazy\" decoding=\"async\" class=\"alignnone wp-image-4341\" src=\"https:\/\/ecotech.ro\/wp-content\/uploads\/2023\/09\/20230831_160713-scaled.jpg\" alt=\"\" width=\"244\" height=\"1892\" \/><\/p>","protected":false},"excerpt":{"rendered":"<p>CEA MAI MARE INSTALA\u021aIE DE EXHAUSTARE CERTIFICAT\u0102 ATEX DIN ROM\u00c2NIA &#8211; 320.000 mc\/h Suntem m\u00e2ndri s\u0103 v\u0103 prezent\u0103m unul dintre cele mai impresionante proiecte pe care le-am realizat p\u00e2n\u0103 acum \u2013 cea mai mare instala\u021bie de exhaustare Certificata ATEX din Rom\u00e2nia. Aceast\u0103 instala\u021bie a fost finalizata in anul 2023 la o fabric\u0103 noua cu ac\u021bionariat [&hellip;]<\/p>","protected":false},"author":1,"featured_media":0,"parent":0,"menu_order":0,"comment_status":"closed","ping_status":"closed","template":"","meta":{"footnotes":""},"_links":{"self":[{"href":"https:\/\/ecotech.ro\/en\/wp-json\/wp\/v2\/pages\/4272"}],"collection":[{"href":"https:\/\/ecotech.ro\/en\/wp-json\/wp\/v2\/pages"}],"about":[{"href":"https:\/\/ecotech.ro\/en\/wp-json\/wp\/v2\/types\/page"}],"author":[{"embeddable":true,"href":"https:\/\/ecotech.ro\/en\/wp-json\/wp\/v2\/users\/1"}],"replies":[{"embeddable":true,"href":"https:\/\/ecotech.ro\/en\/wp-json\/wp\/v2\/comments?post=4272"}],"version-history":[{"count":16,"href":"https:\/\/ecotech.ro\/en\/wp-json\/wp\/v2\/pages\/4272\/revisions"}],"predecessor-version":[{"id":4352,"href":"https:\/\/ecotech.ro\/en\/wp-json\/wp\/v2\/pages\/4272\/revisions\/4352"}],"wp:attachment":[{"href":"https:\/\/ecotech.ro\/en\/wp-json\/wp\/v2\/media?parent=4272"}],"curies":[{"name":"wp","href":"https:\/\/api.w.org\/{rel}","templated":true}]}}