{"id":4387,"date":"2025-04-28T14:24:41","date_gmt":"2025-04-28T11:24:41","guid":{"rendered":"https:\/\/ecotech.ro\/?page_id=4387"},"modified":"2025-04-28T14:58:37","modified_gmt":"2025-04-28T11:58:37","slug":"politica-de-confidentialitate-privacy-policy","status":"publish","type":"page","link":"https:\/\/ecotech.ro\/en\/politica-de-confidentialitate-privacy-policy\/","title":{"rendered":"Politica de Confiden\u021bialitate \/ Privacy Policy"},"content":{"rendered":"<div data-elementor-type=\"wp-page\" data-elementor-id=\"4387\" class=\"elementor elementor-4387\" data-elementor-post-type=\"page\">\n\t\t\t\t\t\t\t<div class=\"elementor-element elementor-element-0587597 e-flex e-con-boxed e-con e-parent\" data-id=\"0587597\" data-element_type=\"container\" data-settings=\"{&quot;content_width&quot;:&quot;boxed&quot;}\" data-core-v316-plus=\"true\">\n\t\t\t\t\t<div class=\"e-con-inner\">\n\t\t<div class=\"elementor-element elementor-element-ccfadb8 e-con-full e-flex e-con e-child\" data-id=\"ccfadb8\" data-element_type=\"container\" data-settings=\"{&quot;content_width&quot;:&quot;full&quot;}\">\n\t\t\t\t<div class=\"elementor-element elementor-element-b80d8ce elementor-widget elementor-widget-text-editor\" data-id=\"b80d8ce\" data-element_type=\"widget\" data-widget_type=\"text-editor.default\">\n\t\t\t\t<div class=\"elementor-widget-container\">\n\t\t\t<style>\/*! elementor - v3.18.0 - 20-12-2023 *\/\n.elementor-widget-text-editor.elementor-drop-cap-view-stacked .elementor-drop-cap{background-color:#69727d;color:#fff}.elementor-widget-text-editor.elementor-drop-cap-view-framed .elementor-drop-cap{color:#69727d;border:3px solid;background-color:transparent}.elementor-widget-text-editor:not(.elementor-drop-cap-view-default) .elementor-drop-cap{margin-top:8px}.elementor-widget-text-editor:not(.elementor-drop-cap-view-default) .elementor-drop-cap-letter{width:1em;height:1em}.elementor-widget-text-editor .elementor-drop-cap{float:left;text-align:center;line-height:1;font-size:50px}.elementor-widget-text-editor .elementor-drop-cap-letter{display:inline-block}<\/style>\t\t\t\t<h2 data-pm-slice=\"1 1 []\"><img decoding=\"async\" class=\"size-full wp-image-4394 alignnone\" src=\"https:\/\/ecotech.ro\/wp-content\/uploads\/2025\/04\/romania-flag-circular-17784.png\" alt=\"\" width=\"24\" height=\"24\" srcset=\"https:\/\/ecotech.ro\/wp-content\/uploads\/2025\/04\/romania-flag-circular-17784.png 24w, https:\/\/ecotech.ro\/wp-content\/uploads\/2025\/04\/romania-flag-circular-17784-12x12.png 12w\" sizes=\"(max-width: 24px) 100vw, 24px\" \/> Politica de confiden\u021bialitate<\/h2><p style=\"text-align: right;\" data-pm-slice=\"1 1 []\">Ultima actualizare: 27 Aprilie 2025<\/p><h3 data-pm-slice=\"1 1 []\"><strong>1. Cine suntem<\/strong><\/h3><p>Site-ul este administrat de:<\/p><p><strong>EcoTech SRL<\/strong><br \/><strong>Sediu social:<\/strong> Str. Ion Neculce 19, cam.2, Sector 1, Bucure\u0219ti, CP 011255<br \/><strong>Punct de lucru:<\/strong> Str. Mesteac\u0103nului 6D, T\u0103u\u021bii de Sus, Baia Sprie, Maramure\u0219, CP 435100<br \/><strong>Cod fiscal (CIF):<\/strong> 14357462<br \/><strong>Num\u0103r Registrul Comer\u021bului:<\/strong> J40\/17036\/2023<br \/><strong>Email:<\/strong> <a>office@ecotech.ro<\/a><\/p><h3><strong>2. Ce date personale colect\u0103m \u0219i de ce<\/strong><\/h3><p>Prin intermediul formularului de contact colect\u0103m:<\/p><ul data-spread=\"false\"><li>Nume \u0219i Prenume<\/li><li>Companie (op\u021bional)<\/li><li>Num\u0103r de telefon<\/li><li>Adres\u0103 de email<\/li><\/ul><p>Aceste date sunt colectate exclusiv pentru a r\u0103spunde solicit\u0103rilor transmise de c\u0103tre utilizator prin formular.<\/p><h3><strong>3. Cum folosim datele personale<\/strong><\/h3><p>Datele personale colectate sunt utilizate strict pentru:<\/p><ul data-spread=\"false\"><li>Comunicarea \u0219i r\u0103spunsul la solicit\u0103rile primite prin formularul de contact.<\/li><\/ul><h3><strong>4. Cum sunt gestionate datele personale<\/strong><\/h3><p>Datele personale sunt trimise direct c\u0103tre email-ul companiei. Aceste date NU sunt stocate \u00een baza de date sau pe serverul site-ului.<\/p><h3><strong>5. Divulgarea datelor c\u0103tre ter\u021bi<\/strong><\/h3><p>Datele personale colectate NU sunt partajate cu ter\u021be p\u0103r\u021bi \u0219i NU sunt utilizate \u00een scopuri comerciale.<\/p><h3><strong>6. Transferul interna\u021bional de date<\/strong><\/h3><p>NU efectu\u0103m transferuri interna\u021bionale ale datelor personale.<\/p><h3><strong>7. Drepturile utilizatorului<\/strong><\/h3><p>Conform Regulamentului General privind Protec\u021bia Datelor (GDPR), utilizatorii au urm\u0103toarele drepturi:<\/p><ul data-spread=\"false\"><li>Dreptul de acces la datele personale<\/li><li>Dreptul de rectificare a datelor personale<\/li><li>Dreptul de \u0219tergere a datelor personale<\/li><li>Dreptul de restric\u021bionare a prelucr\u0103rii<\/li><li>Dreptul la portabilitatea datelor<\/li><li>Dreptul la opozi\u021bie privind prelucrarea datelor<\/li><\/ul><p>Pentru exercitarea acestor drepturi, ne pute\u021bi contacta la <a>office@ecotech.ro<\/a>.<\/p><h3><strong>8. Protec\u021bia minorilor<\/strong><\/h3><p>Acest site nu colecteaz\u0103 inten\u021bionat date personale ale minorilor.<\/p><h3><strong>9. Cookie-uri<\/strong><\/h3><p>Site-ul nostru utilizeaz\u0103 cookie-uri func\u021bionale \u0219i analitice. Cookie-urile pot fi gestionate de utilizatori prin modulul GDPR disponibil pe site.<\/p><h3><strong>10. Modific\u0103ri ale acestei politici<\/strong><\/h3><p>Politica noastr\u0103 de confiden\u021bialitate poate fi actualizat\u0103 periodic. Modific\u0103rile vor fi publicate pe aceast\u0103 pagin\u0103.<\/p><h3><strong>11. Contact<\/strong><\/h3><p>Pentru orice solicit\u0103ri legate de prelucrarea datelor personale, ne pute\u021bi contacta la:<\/p><p><strong>Email:<\/strong> <a>office@ecotech.ro<\/a><\/p>\t\t\t\t\t\t<\/div>\n\t\t\t\t<\/div>\n\t\t\t\t<\/div>\n\t\t<div class=\"elementor-element elementor-element-344a688 e-con-full e-flex e-con e-child\" data-id=\"344a688\" data-element_type=\"container\" data-settings=\"{&quot;content_width&quot;:&quot;full&quot;}\">\n\t\t\t\t<div class=\"elementor-element elementor-element-1bfb132 elementor-widget elementor-widget-text-editor\" data-id=\"1bfb132\" data-element_type=\"widget\" data-widget_type=\"text-editor.default\">\n\t\t\t\t<div class=\"elementor-widget-container\">\n\t\t\t\t\t\t\t<h2 data-pm-slice=\"1 1 []\"><img decoding=\"async\" class=\"size-full wp-image-4395 alignnone\" src=\"https:\/\/ecotech.ro\/wp-content\/uploads\/2025\/04\/uk-flag-circular-17883.png\" alt=\"\" width=\"24\" height=\"24\" srcset=\"https:\/\/ecotech.ro\/wp-content\/uploads\/2025\/04\/uk-flag-circular-17883.png 24w, https:\/\/ecotech.ro\/wp-content\/uploads\/2025\/04\/uk-flag-circular-17883-12x12.png 12w\" sizes=\"(max-width: 24px) 100vw, 24px\" \/> Privacy policy<\/h2><p style=\"text-align: right;\" data-pm-slice=\"1 1 []\">Last update: April 27<sup>th<\/sup>, 2025<\/p><h3 data-pm-slice=\"1 1 []\"><strong>1. Who we are<\/strong><\/h3><p>The website is managed by:<\/p><p><strong>EcoTech SRL<\/strong><br \/><strong>Registered office:<\/strong> Str. Ion Neculce 19, cam.2, Sector 1, Bucharest, Zip Code 011255<br \/><strong>Work point:<\/strong> Str. Mesteac\u0103nului 6D, T\u0103u\u021bii de Sus, Baia Sprie, Maramure\u0219, Zip Code 435100<br \/><strong>Tax Identification Code (CIF):<\/strong> 14357462<br \/><strong>Trade Registry Number:<\/strong> J40\/17036\/2023<br \/><strong>Email:<\/strong> <a>office@ecotech.ro<\/a><\/p><h3><strong>2. What personal data we collect and why<\/strong><\/h3><p>Through the contact form, we collect:<\/p><ul data-spread=\"false\"><li>Full name<\/li><li>Company (optional)<\/li><li>Phone number<\/li><li>Email address<\/li><\/ul><p>This data is collected solely to respond to user inquiries submitted via the contact form.<\/p><h3><strong>3. How we use personal data<\/strong><\/h3><p>The personal data collected is used strictly for:<\/p><ul data-spread=\"false\"><li>Communicating and responding to inquiries received via the contact form.<\/li><\/ul><h3><strong>4. How personal data is managed<\/strong><\/h3><p>The personal data is sent directly to the company&#8217;s email address. This data is NOT stored in the website&#8217;s database or on the server.<\/p><h3><strong>5. Disclosure of data to third parties<\/strong><\/h3><p>The collected personal data is NOT shared with third parties and NOT used for commercial purposes.<\/p><h3><strong>6. International data transfers<\/strong><\/h3><p>We do NOT perform international transfers of personal data.<\/p><h3><strong>7. User rights<\/strong><\/h3><p>Under the General Data Protection Regulation (GDPR), users have the following rights:<\/p><ul data-spread=\"false\"><li>Rights to access personal data<\/li><li>Rights to rectify personal data<\/li><li>Rights to erase personal data<\/li><li>Rights to restrict processing<\/li><li>Rights to data portability<\/li><li>Rights to object to data processing<\/li><\/ul><p>To exercise any of these rights, you can contact us at <a>office@ecotech.ro<\/a>.<\/p><h3><strong>8. Protection of minors<\/strong><\/h3><p>This website does not intentionally collect personal data from minors.<\/p><h3><strong>9. Cookies<\/strong><\/h3><p>Our website uses functional and analytical cookies. Coolies can be managed by users through the GDPR module available on the site.<\/p><h3><strong>10. Changes to this policy<\/strong><\/h3><p>Our privacy policy may be updated periodically. Any changes will be published on this page.<\/p><h3><strong>11. Contact<\/strong><\/h3><p>For any inquiries regarding the processing of personal data, you can contact us at:<\/p><p><strong>Email:<\/strong> <a>office@ecotech.ro<\/a><\/p>\t\t\t\t\t\t<\/div>\n\t\t\t\t<\/div>\n\t\t\t\t<\/div>\n\t\t\t\t\t<\/div>\n\t\t\t\t<\/div>\n\t\t\t\t\t\t\t<\/div>","protected":false},"excerpt":{"rendered":"<p>Politica de confiden\u021bialitate Ultima actualizare: 27 Aprilie 2025 1. Cine suntem Site-ul este administrat de: EcoTech SRL Sediu social: Str. Ion Neculce 19, cam.2, Sector 1, Bucure\u0219ti, CP 011255 Punct de lucru: Str. Mesteac\u0103nului 6D, T\u0103u\u021bii de Sus, Baia Sprie, Maramure\u0219, CP 435100 Cod fiscal (CIF): 14357462 Num\u0103r Registrul Comer\u021bului: J40\/17036\/2023 Email: office@ecotech.ro 2. Ce [&hellip;]<\/p>","protected":false},"author":1,"featured_media":0,"parent":0,"menu_order":0,"comment_status":"closed","ping_status":"closed","template":"elementor_theme","meta":{"footnotes":""},"_links":{"self":[{"href":"https:\/\/ecotech.ro\/en\/wp-json\/wp\/v2\/pages\/4387"}],"collection":[{"href":"https:\/\/ecotech.ro\/en\/wp-json\/wp\/v2\/pages"}],"about":[{"href":"https:\/\/ecotech.ro\/en\/wp-json\/wp\/v2\/types\/page"}],"author":[{"embeddable":true,"href":"https:\/\/ecotech.ro\/en\/wp-json\/wp\/v2\/users\/1"}],"replies":[{"embeddable":true,"href":"https:\/\/ecotech.ro\/en\/wp-json\/wp\/v2\/comments?post=4387"}],"version-history":[{"count":8,"href":"https:\/\/ecotech.ro\/en\/wp-json\/wp\/v2\/pages\/4387\/revisions"}],"predecessor-version":[{"id":4399,"href":"https:\/\/ecotech.ro\/en\/wp-json\/wp\/v2\/pages\/4387\/revisions\/4399"}],"wp:attachment":[{"href":"https:\/\/ecotech.ro\/en\/wp-json\/wp\/v2\/media?parent=4387"}],"curies":[{"name":"wp","href":"https:\/\/api.w.org\/{rel}","templated":true}]}}